{"id":797,"date":"2023-01-16T18:33:31","date_gmt":"2023-01-16T18:33:31","guid":{"rendered":"https:\/\/nervous-tu.217-160-209-82.plesk.page\/novoescorial\/?page_id=797"},"modified":"2023-01-16T18:36:36","modified_gmt":"2023-01-16T18:36:36","slug":"politica-de-cookies","status":"publish","type":"page","link":"https:\/\/nervous-tu.217-160-209-82.plesk.page\/novoescorial\/index.php\/politica-de-cookies\/","title":{"rendered":"POL\u00cdTICA DE COOKIES"},"content":{"rendered":"<p>[et_pb_section fb_built=\u00bb1&#8243; theme_builder_area=\u00bbpost_content\u00bb _builder_version=\u00bb4.19.4&#8243; _module_preset=\u00bbdefault\u00bb][et_pb_row _builder_version=\u00bb4.19.4&#8243; _module_preset=\u00bbdefault\u00bb theme_builder_area=\u00bbpost_content\u00bb][et_pb_column _builder_version=\u00bb4.19.4&#8243; _module_preset=\u00bbdefault\u00bb type=\u00bb4_4&#8243; theme_builder_area=\u00bbpost_content\u00bb][et_pb_text _builder_version=\u00bb4.19.4&#8243; _module_preset=\u00bbdefault\u00bb theme_builder_area=\u00bbpost_content\u00bb hover_enabled=\u00bb0&#8243; sticky_enabled=\u00bb0&#8243;]<\/p>\n<h3>1. \u00bfA QUI\u00c9N SE DIRIGE Y APLICA ESTA POL\u00cdTICA?<\/h3>\n<p>Esta pol\u00edtica es de aplicaci\u00f3n a\u00a0<strong>todos los usuarios de la p\u00e1gina web<span>\u00a0<\/span><\/strong>que tengan la consideraci\u00f3n de personas f\u00edsicas.<\/p>\n<p>[\/et_pb_text][\/et_pb_column][\/et_pb_row][et_pb_row _builder_version=\u00bb4.19.4&#8243; _module_preset=\u00bbdefault\u00bb theme_builder_area=\u00bbpost_content\u00bb][et_pb_column _builder_version=\u00bb4.19.4&#8243; _module_preset=\u00bbdefault\u00bb type=\u00bb4_4&#8243; theme_builder_area=\u00bbpost_content\u00bb][et_pb_text _builder_version=\u00bb4.19.4&#8243; _module_preset=\u00bbdefault\u00bb theme_builder_area=\u00bbpost_content\u00bb hover_enabled=\u00bb0&#8243; sticky_enabled=\u00bb0&#8243;]<\/p>\n<h3>2. \u00bfQUI\u00c9N ES EL RESPONSABLE DEL TRATAMIENTO DE TUS DATOS PERSONALES?<\/h3>\n<table border=\"1\" style=\"border-collapse: collapse; width: 100%;\">\n<tbody>\n<tr>\n<td style=\"width: 50%;\">\n<div class=\"col-lg-6\"><strong>Denominaci\u00f3n Social<\/strong><\/div>\n<\/td>\n<td style=\"width: 50%;\"><span>GERISALUD GESTI\u00d3N, S.L.<\/span><\/td>\n<\/tr>\n<tr>\n<td style=\"width: 50%;\">\n<div class=\"col-lg-6\"><strong>Domicilio Social<\/strong><\/div>\n<\/td>\n<td style=\"width: 50%;\"><span>Avda. de los Reyes Cat\u00f3licos 5, 28280 \u2013 El Escorial (Madrid),<\/span><\/td>\n<\/tr>\n<tr>\n<td style=\"width: 50%;\">\n<div class=\"col-lg-6\"><strong>CIF \/ NIF<\/strong><\/div>\n<\/td>\n<td style=\"width: 50%;\"><span>B83773531<\/span><\/td>\n<\/tr>\n<tr>\n<td style=\"width: 50%;\">\n<div class=\"col-lg-6\"><strong>Tel\u00e9fono<\/strong><\/div>\n<\/td>\n<td style=\"width: 50%;\"><span>91 890 67 87 \u2013 608 283 869<\/span><\/td>\n<\/tr>\n<tr>\n<td style=\"width: 50%;\">\n<div class=\"col-lg-6\"><strong>E-mail<\/strong><\/div>\n<\/td>\n<td style=\"width: 50%;\"><span>info@novoescorial<\/span><a class=\"text\" href=\"mailto:info@novoescorial.es\">.<\/a><span>com<\/span><\/td>\n<\/tr>\n<tr>\n<td style=\"width: 50%;\">\n<div class=\"col-lg-6\"><strong>Contacto Delegado de Protecci\u00f3n de Datos<\/strong><\/div>\n<\/td>\n<td style=\"width: 50%;\">dpd@novoescorial.com<\/td>\n<\/tr>\n<\/tbody>\n<\/table>\n<p>[\/et_pb_text][\/et_pb_column][\/et_pb_row][et_pb_row _builder_version=\u00bb4.19.4&#8243; _module_preset=\u00bbdefault\u00bb theme_builder_area=\u00bbpost_content\u00bb][et_pb_column _builder_version=\u00bb4.19.4&#8243; _module_preset=\u00bbdefault\u00bb type=\u00bb4_4&#8243; theme_builder_area=\u00bbpost_content\u00bb][et_pb_text _builder_version=\u00bb4.19.4&#8243; _module_preset=\u00bbdefault\u00bb theme_builder_area=\u00bbpost_content\u00bb hover_enabled=\u00bb0&#8243; sticky_enabled=\u00bb0&#8243;]<\/p>\n<h3>3. \u00bfSE UTILIZAN COOKIES EN LA P\u00c1GINA WEB? \u00bfQU\u00c9 SON?<\/h3>\n<p>La p\u00e1gina web utiliza cookies, es decir, ficheros creados en el navegador del usuario para registrar parte de su actividad. Permiten almacenar y recuperar informaci\u00f3n sobre los h\u00e1bitos de navegaci\u00f3n de un usuario o de su equipo. Las cookies pueden ser de diversos tipos en funci\u00f3n de distintos par\u00e1metros:<\/p>\n<p>[\/et_pb_text][\/et_pb_column][\/et_pb_row][et_pb_row _builder_version=\u00bb4.19.4&#8243; _module_preset=\u00bbdefault\u00bb theme_builder_area=\u00bbpost_content\u00bb][et_pb_column _builder_version=\u00bb4.19.4&#8243; _module_preset=\u00bbdefault\u00bb type=\u00bb4_4&#8243; theme_builder_area=\u00bbpost_content\u00bb][et_pb_text _builder_version=\u00bb4.19.4&#8243; _module_preset=\u00bbdefault\u00bb theme_builder_area=\u00bbpost_content\u00bb hover_enabled=\u00bb0&#8243; sticky_enabled=\u00bb0&#8243;]<\/p>\n<div class=\"row\">\n<div class=\"col-lg-12\">\n<h3>4. \u00bfQU\u00c9 COOKIES EXISTEN?<\/h3>\n<p>Las cookies que se utilizan en esta p\u00e1gina pueden ser propias o de terceros, de sesi\u00f3n o persistentes, as\u00ed como t\u00e9cnicas y anal\u00edticas.<\/p>\n<p>A continuaci\u00f3n, se muestra un cuadro resumen informativo de las cookies concretas que utiliza <span>GERISALUD GESTI\u00d3N, S.L. <\/span>en este momento:<\/p>\n<\/div>\n<\/div>\n<table>\n<tbody>\n<tr>\n<td colspan=\"2\" width=\"432\"><span><strong>Tipos de cookies seg\u00fan la entidad que las gestione<\/strong><\/span><\/td>\n<\/tr>\n<tr>\n<td width=\"105\"><strong>Cookies<span>\u00a0<\/span><\/strong><strong>propias<\/strong><\/td>\n<td width=\"328\">Aqu\u00e9llas que se env\u00edan al equipo terminal del usuario desde un equipo o dominio gestionado por el propio editor y desde el que se presta el servicio solicitado por el usuario.<\/td>\n<\/tr>\n<tr>\n<td width=\"105\"><strong>Cookies<span>\u00a0<\/span><\/strong><strong>de terceros<\/strong><\/td>\n<td width=\"328\">Aqu\u00e9llas que se env\u00edan al equipo terminal del usuario desde un equipo o dominio que no es gestionado por el editor, sino por otra entidad que trata los datos obtenidos trav\u00e9s de las cookies.<\/td>\n<\/tr>\n<\/tbody>\n<\/table>\n<div><\/div>\n<table>\n<tbody>\n<tr>\n<td colspan=\"2\" width=\"424\">\n<p><span><strong>Tipos de cookies seg\u00fan el plazo de tiempo que permanecen activadas<\/strong><\/span><\/p>\n<\/td>\n<\/tr>\n<tr>\n<td width=\"104\"><strong>Cookies<span>\u00a0<\/span><\/strong><strong>de sesi\u00f3n<\/strong><\/td>\n<td width=\"321\">\n<p>Cookies dise\u00f1adas para recabar y almacenar datos mientras el usuario accede a una p\u00e1gina web.<\/p>\n<p>Se suelen emplear para almacenar informaci\u00f3n que solo interesa conservar para la prestaci\u00f3n del servicio solicitado por el usuario en una sola ocasi\u00f3n (p.e. una lista de productos adquiridos).<\/p>\n<\/td>\n<\/tr>\n<tr>\n<td width=\"104\"><strong>Cookies<span>\u00a0<\/span><\/strong><strong>persistentes<\/strong><\/td>\n<td width=\"321\">Las que almacenan los datos en el terminal y pueden ser accedidos y tratados durante un periodo definido por el responsable de la cookie. Puede ir de unos minutos a varios a\u00f1os.<\/td>\n<\/tr>\n<\/tbody>\n<\/table>\n<div><\/div>\n<table>\n<tbody>\n<tr>\n<td colspan=\"2\" width=\"424\">\n<p><span><strong>Tipos de cookies seg\u00fan su finalidad<\/strong><\/span><\/p>\n<\/td>\n<\/tr>\n<tr>\n<td width=\"104\"><strong>Cookies<span>\u00a0<\/span><\/strong><strong>t\u00e9cnicas<\/strong><\/td>\n<td width=\"320\">\n<p>Aqu\u00e9llas que permiten al usuario la utilizaci\u00f3n de las diferentes opciones o servicios que en ella existan como, por ejemplo, controlar el tr\u00e1fico y la comunicaci\u00f3n de datos, identificar la sesi\u00f3n, acceder a partes de acceso restringido.<\/p>\n<p>Adem\u00e1s, se incluyen aqu\u00e9llas que permiten la gesti\u00f3n, de la forma m\u00e1s eficaz posible, de los espacios publicitarios que, en su caso, el editor haya incluido en base a criterios como el contenido editado o la frecuencia en la que se muestran los anuncios.<\/p>\n<\/td>\n<\/tr>\n<tr>\n<td width=\"104\"><strong>Cookies<span>\u00a0<\/span><\/strong><strong>de personalizaci\u00f3n<\/strong><\/td>\n<td width=\"320\">Aqu\u00e9llas que permiten al usuario acceder al servicio con algunas caracter\u00edsticas predefinidas en funci\u00f3n de una serie de criterios en el terminal del usuario como por ejemplo serian el idioma, el tipo de navegador a trav\u00e9s del cual accede al servicio o la configuraci\u00f3n regional desde donde accede al servicio.<\/td>\n<\/tr>\n<tr>\n<td width=\"104\"><strong>Cookies<span>\u00a0<\/span><\/strong><strong>de an\u00e1lisis<\/strong><\/td>\n<td width=\"320\">Aqu\u00e9llas que permiten el seguimiento y an\u00e1lisis del comportamiento de los usuarios.<\/td>\n<\/tr>\n<tr>\n<td width=\"104\"><strong>Cookies de<span>\u00a0<\/span><\/strong><strong>publicidad comportamental<\/strong><\/td>\n<td width=\"320\">Las que permiten la gesti\u00f3n, de la forma m\u00e1s eficaz posible, de los espacios publicitarios. Almacenan informaci\u00f3n del comportamiento de los usuarios obtenida a trav\u00e9s de la observaci\u00f3n continuada de sus h\u00e1bitos de navegaci\u00f3n, lo que permite desarrollar un perfil espec\u00edfico para mostrar publicidad.<\/td>\n<\/tr>\n<tr>\n<td width=\"104\">\n<p><strong>Cookies funcionales<\/strong><\/p>\n<p><strong>\u00a0<\/strong><\/p>\n<p><strong>\u00a0<\/strong><\/p>\n<p><strong>\u00a0<\/strong><\/p>\n<\/td>\n<td width=\"320\">Aquellas que permiten que un sitio web almacene informaci\u00f3n ya introducida (como el nombre de usuario, el idioma o la ubicaci\u00f3n actual) y ofrecen al usuario caracter\u00edsticas mejoradas y m\u00e1s personalizadas.<\/td>\n<\/tr>\n<\/tbody>\n<\/table>\n<div class=\"row margintop\">\n<div class=\"col-lg-12\"><\/div>\n<\/div>\n<p>[\/et_pb_text][\/et_pb_column][\/et_pb_row][et_pb_row _builder_version=\u00bb4.19.4&#8243; _module_preset=\u00bbdefault\u00bb theme_builder_area=\u00bbpost_content\u00bb][et_pb_column _builder_version=\u00bb4.19.4&#8243; _module_preset=\u00bbdefault\u00bb type=\u00bb4_4&#8243; theme_builder_area=\u00bbpost_content\u00bb][et_pb_text _builder_version=\u00bb4.19.4&#8243; _module_preset=\u00bbdefault\u00bb theme_builder_area=\u00bbpost_content\u00bb hover_enabled=\u00bb0&#8243; sticky_enabled=\u00bb0&#8243;]<\/p>\n<div class=\"row margintop\">\n<div class=\"col-lg-12\">\n<h3>5. \u00bfQU\u00c9 COOKIES UTILIZAMOS?<\/h3>\n<p>Las cookies que se utilizan en esta p\u00e1gina pueden ser propias o de terceros, de sesi\u00f3n o persistentes, as\u00ed como t\u00e9cnicas y anal\u00edticas. A continuaci\u00f3n, se muestra un cuadro resumen informativo de las cookies concretas que utiliza <span>GERISALUD GESTI\u00d3N, S.L.<\/span> en este momento:<\/p>\n<table>\n<tbody>\n<tr>\n<td width=\"83\"><span><strong>Tipo de cookie<\/strong><\/span><\/td>\n<td width=\"196\"><span><strong>Descripci\u00f3n<\/strong><\/span><\/td>\n<td width=\"156\"><span><strong>Plazo de conservaci\u00f3n<\/strong><\/span><\/td>\n<\/tr>\n<tr>\n<td width=\"83\"><strong>Cookies<span>\u00a0<\/span><\/strong><strong>de an\u00e1lisis<\/strong><\/td>\n<td width=\"196\">Aqu\u00e9llas que permiten el seguimiento y an\u00e1lisis del comportamiento de los usuarios.<\/td>\n<td width=\"156\">\u00a0hasta 2 a\u00f1os.<\/td>\n<\/tr>\n<tr>\n<td width=\"83\"><strong>Cookies publicitarias<\/strong><\/td>\n<td width=\"196\">Las que permiten la gesti\u00f3n, de la forma m\u00e1s eficaz posible, de los espacios publicitarios. Almacenan informaci\u00f3n del comportamiento de los usuarios obtenida a trav\u00e9s de la observaci\u00f3n continuada de sus h\u00e1bitos de navegaci\u00f3n, lo que permite desarrollar un perfil espec\u00edfico para mostrar publicidad.<\/td>\n<td width=\"156\">Hasta 2 a\u00f1os<\/td>\n<\/tr>\n<tr>\n<td width=\"83\">\n<p><strong>Cookies funcionales<\/strong><\/p>\n<p><strong>\u00a0<\/strong><\/p>\n<p><strong>\u00a0<\/strong><\/p>\n<\/td>\n<td width=\"196\">Aquellas que permiten que un sitio web almacene informaci\u00f3n ya introducida (como el nombre de usuario, el idioma o la ubicaci\u00f3n actual) y ofrecen al usuario caracter\u00edsticas mejoradas y m\u00e1s personalizadas.<\/td>\n<td width=\"156\">1 a\u00f1o<\/td>\n<\/tr>\n<\/tbody>\n<\/table>\n<\/div>\n<\/div>\n<div class=\"row margintop\">\n<div class=\"col-lg-12\"><\/div>\n<\/div>\n<p>[\/et_pb_text][\/et_pb_column][\/et_pb_row][et_pb_row _builder_version=\u00bb4.19.4&#8243; _module_preset=\u00bbdefault\u00bb theme_builder_area=\u00bbpost_content\u00bb][et_pb_column _builder_version=\u00bb4.19.4&#8243; _module_preset=\u00bbdefault\u00bb type=\u00bb4_4&#8243; theme_builder_area=\u00bbpost_content\u00bb][et_pb_text _builder_version=\u00bb4.19.4&#8243; _module_preset=\u00bbdefault\u00bb theme_builder_area=\u00bbpost_content\u00bb hover_enabled=\u00bb0&#8243; sticky_enabled=\u00bb0&#8243;]<\/p>\n<div class=\"row margintop\">\n<div class=\"col-lg-12\">\n<h3>6. \u00bfQUI\u00c9N UTILIZA LAS COOKIES?<\/h3>\n<p>La informaci\u00f3n obtenida a trav\u00e9s de las Cookies ser\u00e1 incorporada a los tratamientos de <span>GERISALUD GESTI\u00d3N, S.L.<\/span> con las finalidades y plazos indicados en la presente Pol\u00edtica.<\/p>\n<p>Asimismo, esta informaci\u00f3n tambi\u00e9n se incorporar\u00e1 a los ficheros de Google como empresa proveedora de las Cookies de Terceros indicadas en el presente documento, siendo tratada con las finalidades indicadas en sus respectivas pol\u00edticas de privacidad.<\/p>\n<p>La base jur\u00eddica que legitima estos tratamientos es el consentimiento del usuario, prestado con ocasi\u00f3n de su navegaci\u00f3n por la p\u00e1gina web; no obstante, el usuario podr\u00e1 rechazar el uso de Cookies mediante los mecanismos indicados en la presente Pol\u00edtica.<\/p>\n<\/div>\n<\/div>\n<div class=\"row margintop\">\n<div class=\"col-lg-12\"><\/div>\n<\/div>\n<p>[\/et_pb_text][\/et_pb_column][\/et_pb_row][et_pb_row _builder_version=\u00bb4.19.4&#8243; _module_preset=\u00bbdefault\u00bb theme_builder_area=\u00bbpost_content\u00bb][et_pb_column _builder_version=\u00bb4.19.4&#8243; _module_preset=\u00bbdefault\u00bb type=\u00bb4_4&#8243; theme_builder_area=\u00bbpost_content\u00bb][et_pb_text _builder_version=\u00bb4.19.4&#8243; _module_preset=\u00bbdefault\u00bb theme_builder_area=\u00bbpost_content\u00bb hover_enabled=\u00bb0&#8243; sticky_enabled=\u00bb0&#8243;]<\/p>\n<div class=\"row margintop\">\n<div class=\"col-lg-12\">\n<h3>7. CONFIGURACI\u00d3N DE LAS COOKIES<\/h3>\n<p>A trav\u00e9s del panel de control se facilita la gesti\u00f3n de todas las cookies. Adem\u00e1s, te ofrecemos informaci\u00f3n sobre c\u00f3mo puedes llevar a cabo la gesti\u00f3n y desactivaci\u00f3n de las cookies utilizadas en la plataforma a trav\u00e9s de las diferentes opciones que ofrecen los navegadores m\u00e1s comunes:<\/p>\n<ul>\n<li>Google Chrome<\/li>\n<li>Mozilla Firefox<\/li>\n<li>Microsoft Internet Explorer<\/li>\n<li>Safari<\/li>\n<\/ul>\n<\/div>\n<\/div>\n<div class=\"row margintop\">\n<div class=\"col-lg-12\"><\/div>\n<\/div>\n<p>[\/et_pb_text][\/et_pb_column][\/et_pb_row][et_pb_row _builder_version=\u00bb4.19.4&#8243; _module_preset=\u00bbdefault\u00bb theme_builder_area=\u00bbpost_content\u00bb][et_pb_column _builder_version=\u00bb4.19.4&#8243; _module_preset=\u00bbdefault\u00bb type=\u00bb4_4&#8243; theme_builder_area=\u00bbpost_content\u00bb][et_pb_text _builder_version=\u00bb4.19.4&#8243; _module_preset=\u00bbdefault\u00bb theme_builder_area=\u00bbpost_content\u00bb hover_enabled=\u00bb0&#8243; sticky_enabled=\u00bb0&#8243;]<\/p>\n<h3>38. ACTUALIZACIONES Y CAMBIOS EN LA POL\u00cdTICA DE COOKIES<\/h3>\n<p>La variaci\u00f3n de las cookies que aparezcan en esta web puede no estar relacionada con la gesti\u00f3n y el mantenimiento de la misma, por lo que se llevan a cabo revisiones peri\u00f3dicas para adecuar la pol\u00edtica de cookies.<\/p>\n<p>El titular de la web no asume ninguna responsabilidad por problemas legales o t\u00e9cnicos causados por el incumplimiento por parte del usuario de las recomendaciones incluidas y no se hace responsable del contenido y veracidad de las pol\u00edticas de privacidad de terceros.<\/p>\n<p>Esta Pol\u00edtica de Cookies podr\u00e1 ser modificada en funci\u00f3n de exigencias legislativas, reglamentarias, o con la finalidad de adaptar dicha pol\u00edtica a las instrucciones dictadas por la Agencia Espa\u00f1ola de Protecci\u00f3n de Datos, por ello se aconseja a los Usuarios que la visiten peri\u00f3dicamente.<\/p>\n<p>\u00daltima actualizaci\u00f3n: Enero 2023<\/p>\n<p>[\/et_pb_text][\/et_pb_column][\/et_pb_row][\/et_pb_section]<\/p>\n","protected":false},"excerpt":{"rendered":"<p>1. \u00bfA QUI\u00c9N SE DIRIGE Y APLICA ESTA POL\u00cdTICA? Esta pol\u00edtica es de aplicaci\u00f3n a\u00a0todos los usuarios de la p\u00e1gina web\u00a0que tengan la consideraci\u00f3n de personas f\u00edsicas.2. \u00bfQUI\u00c9N ES EL RESPONSABLE DEL TRATAMIENTO DE TUS DATOS PERSONALES? Denominaci\u00f3n Social GERISALUD GESTI\u00d3N, S.L. Domicilio Social Avda. de los Reyes Cat\u00f3licos 5, 28280 \u2013 El Escorial (Madrid), [&hellip;]<\/p>\n","protected":false},"author":1,"featured_media":0,"parent":0,"menu_order":0,"comment_status":"closed","ping_status":"closed","template":"","meta":{"_et_pb_use_builder":"on","_et_pb_old_content":"","_et_gb_content_width":"","footnotes":""},"class_list":["post-797","page","type-page","status-publish","hentry"],"yoast_head":"<!-- This site is optimized with the Yoast SEO plugin v20.0 - https:\/\/yoast.com\/wordpress\/plugins\/seo\/ -->\n<title>POL\u00cdTICA DE COOKIES - Novoescorial<\/title>\n<meta name=\"robots\" content=\"index, follow, max-snippet:-1, max-image-preview:large, max-video-preview:-1\" \/>\n<link rel=\"canonical\" href=\"https:\/\/nervous-tu.217-160-209-82.plesk.page\/novoescorial\/index.php\/politica-de-cookies\/\" \/>\n<meta property=\"og:locale\" content=\"es_ES\" \/>\n<meta property=\"og:type\" content=\"article\" \/>\n<meta property=\"og:title\" content=\"POL\u00cdTICA DE COOKIES - Novoescorial\" \/>\n<meta property=\"og:description\" content=\"1. \u00bfA QUI\u00c9N SE DIRIGE Y APLICA ESTA POL\u00cdTICA? Esta pol\u00edtica es de aplicaci\u00f3n a\u00a0todos los usuarios de la p\u00e1gina web\u00a0que tengan la consideraci\u00f3n de personas f\u00edsicas.2. \u00bfQUI\u00c9N ES EL RESPONSABLE DEL TRATAMIENTO DE TUS DATOS PERSONALES? Denominaci\u00f3n Social GERISALUD GESTI\u00d3N, S.L. Domicilio Social Avda. de los Reyes Cat\u00f3licos 5, 28280 \u2013 El Escorial (Madrid), [&hellip;]\" \/>\n<meta property=\"og:url\" content=\"https:\/\/nervous-tu.217-160-209-82.plesk.page\/novoescorial\/index.php\/politica-de-cookies\/\" \/>\n<meta property=\"og:site_name\" content=\"Novoescorial\" \/>\n<meta property=\"article:publisher\" content=\"https:\/\/www.facebook.com\/Residencia-Novoescorial-681210162001485\" \/>\n<meta property=\"article:modified_time\" content=\"2023-01-16T18:36:36+00:00\" \/>\n<meta property=\"og:image\" content=\"https:\/\/nervous-tu.217-160-209-82.plesk.page\/novoescorial\/wp-content\/uploads\/2023\/02\/entrada_residencia.jpg\" \/>\n\t<meta property=\"og:image:width\" content=\"1600\" \/>\n\t<meta property=\"og:image:height\" content=\"918\" \/>\n\t<meta property=\"og:image:type\" content=\"image\/jpeg\" \/>\n<meta name=\"twitter:card\" content=\"summary_large_image\" \/>\n<meta name=\"twitter:label1\" content=\"Tiempo de lectura\" \/>\n\t<meta name=\"twitter:data1\" content=\"8 minutos\" \/>\n<script type=\"application\/ld+json\" class=\"yoast-schema-graph\">{\"@context\":\"https:\/\/schema.org\",\"@graph\":[{\"@type\":\"WebPage\",\"@id\":\"https:\/\/nervous-tu.217-160-209-82.plesk.page\/novoescorial\/index.php\/politica-de-cookies\/\",\"url\":\"https:\/\/nervous-tu.217-160-209-82.plesk.page\/novoescorial\/index.php\/politica-de-cookies\/\",\"name\":\"POL\u00cdTICA DE COOKIES - Novoescorial\",\"isPartOf\":{\"@id\":\"https:\/\/nervous-tu.217-160-209-82.plesk.page\/novoescorial\/#website\"},\"datePublished\":\"2023-01-16T18:33:31+00:00\",\"dateModified\":\"2023-01-16T18:36:36+00:00\",\"breadcrumb\":{\"@id\":\"https:\/\/nervous-tu.217-160-209-82.plesk.page\/novoescorial\/index.php\/politica-de-cookies\/#breadcrumb\"},\"inLanguage\":\"es\",\"potentialAction\":[{\"@type\":\"ReadAction\",\"target\":[\"https:\/\/nervous-tu.217-160-209-82.plesk.page\/novoescorial\/index.php\/politica-de-cookies\/\"]}]},{\"@type\":\"BreadcrumbList\",\"@id\":\"https:\/\/nervous-tu.217-160-209-82.plesk.page\/novoescorial\/index.php\/politica-de-cookies\/#breadcrumb\",\"itemListElement\":[{\"@type\":\"ListItem\",\"position\":1,\"name\":\"Portada\",\"item\":\"https:\/\/nervous-tu.217-160-209-82.plesk.page\/novoescorial\/\"},{\"@type\":\"ListItem\",\"position\":2,\"name\":\"POL\u00cdTICA DE COOKIES\"}]},{\"@type\":\"WebSite\",\"@id\":\"https:\/\/nervous-tu.217-160-209-82.plesk.page\/novoescorial\/#website\",\"url\":\"https:\/\/nervous-tu.217-160-209-82.plesk.page\/novoescorial\/\",\"name\":\"Novoescorial\",\"description\":\"Tu nuevo hogar en nuestra residencia de mayores en el Escorial\",\"publisher\":{\"@id\":\"https:\/\/nervous-tu.217-160-209-82.plesk.page\/novoescorial\/#organization\"},\"potentialAction\":[{\"@type\":\"SearchAction\",\"target\":{\"@type\":\"EntryPoint\",\"urlTemplate\":\"https:\/\/nervous-tu.217-160-209-82.plesk.page\/novoescorial\/?s={search_term_string}\"},\"query-input\":\"required name=search_term_string\"}],\"inLanguage\":\"es\"},{\"@type\":\"Organization\",\"@id\":\"https:\/\/nervous-tu.217-160-209-82.plesk.page\/novoescorial\/#organization\",\"name\":\"residencia de Mayores Novoescorial\",\"alternateName\":\"residencia de Mayores Novoescorial\",\"url\":\"https:\/\/nervous-tu.217-160-209-82.plesk.page\/novoescorial\/\",\"logo\":{\"@type\":\"ImageObject\",\"inLanguage\":\"es\",\"@id\":\"https:\/\/nervous-tu.217-160-209-82.plesk.page\/novoescorial\/#\/schema\/logo\/image\/\",\"url\":\"https:\/\/nervous-tu.217-160-209-82.plesk.page\/novoescorial\/wp-content\/uploads\/2023\/01\/logo_paraBanner.png\",\"contentUrl\":\"https:\/\/nervous-tu.217-160-209-82.plesk.page\/novoescorial\/wp-content\/uploads\/2023\/01\/logo_paraBanner.png\",\"width\":350,\"height\":108,\"caption\":\"residencia de Mayores Novoescorial\"},\"image\":{\"@id\":\"https:\/\/nervous-tu.217-160-209-82.plesk.page\/novoescorial\/#\/schema\/logo\/image\/\"},\"sameAs\":[\"https:\/\/www.facebook.com\/Residencia-Novoescorial-681210162001485\"]}]}<\/script>\n<!-- \/ Yoast SEO plugin. -->","yoast_head_json":{"title":"POL\u00cdTICA DE COOKIES - Novoescorial","robots":{"index":"index","follow":"follow","max-snippet":"max-snippet:-1","max-image-preview":"max-image-preview:large","max-video-preview":"max-video-preview:-1"},"canonical":"https:\/\/nervous-tu.217-160-209-82.plesk.page\/novoescorial\/index.php\/politica-de-cookies\/","og_locale":"es_ES","og_type":"article","og_title":"POL\u00cdTICA DE COOKIES - Novoescorial","og_description":"1. \u00bfA QUI\u00c9N SE DIRIGE Y APLICA ESTA POL\u00cdTICA? Esta pol\u00edtica es de aplicaci\u00f3n a\u00a0todos los usuarios de la p\u00e1gina web\u00a0que tengan la consideraci\u00f3n de personas f\u00edsicas.2. \u00bfQUI\u00c9N ES EL RESPONSABLE DEL TRATAMIENTO DE TUS DATOS PERSONALES? Denominaci\u00f3n Social GERISALUD GESTI\u00d3N, S.L. Domicilio Social Avda. de los Reyes Cat\u00f3licos 5, 28280 \u2013 El Escorial (Madrid), [&hellip;]","og_url":"https:\/\/nervous-tu.217-160-209-82.plesk.page\/novoescorial\/index.php\/politica-de-cookies\/","og_site_name":"Novoescorial","article_publisher":"https:\/\/www.facebook.com\/Residencia-Novoescorial-681210162001485","article_modified_time":"2023-01-16T18:36:36+00:00","og_image":[{"width":1600,"height":918,"url":"https:\/\/nervous-tu.217-160-209-82.plesk.page\/novoescorial\/wp-content\/uploads\/2023\/02\/entrada_residencia.jpg","type":"image\/jpeg"}],"twitter_card":"summary_large_image","twitter_misc":{"Tiempo de lectura":"8 minutos"},"schema":{"@context":"https:\/\/schema.org","@graph":[{"@type":"WebPage","@id":"https:\/\/nervous-tu.217-160-209-82.plesk.page\/novoescorial\/index.php\/politica-de-cookies\/","url":"https:\/\/nervous-tu.217-160-209-82.plesk.page\/novoescorial\/index.php\/politica-de-cookies\/","name":"POL\u00cdTICA DE COOKIES - Novoescorial","isPartOf":{"@id":"https:\/\/nervous-tu.217-160-209-82.plesk.page\/novoescorial\/#website"},"datePublished":"2023-01-16T18:33:31+00:00","dateModified":"2023-01-16T18:36:36+00:00","breadcrumb":{"@id":"https:\/\/nervous-tu.217-160-209-82.plesk.page\/novoescorial\/index.php\/politica-de-cookies\/#breadcrumb"},"inLanguage":"es","potentialAction":[{"@type":"ReadAction","target":["https:\/\/nervous-tu.217-160-209-82.plesk.page\/novoescorial\/index.php\/politica-de-cookies\/"]}]},{"@type":"BreadcrumbList","@id":"https:\/\/nervous-tu.217-160-209-82.plesk.page\/novoescorial\/index.php\/politica-de-cookies\/#breadcrumb","itemListElement":[{"@type":"ListItem","position":1,"name":"Portada","item":"https:\/\/nervous-tu.217-160-209-82.plesk.page\/novoescorial\/"},{"@type":"ListItem","position":2,"name":"POL\u00cdTICA DE COOKIES"}]},{"@type":"WebSite","@id":"https:\/\/nervous-tu.217-160-209-82.plesk.page\/novoescorial\/#website","url":"https:\/\/nervous-tu.217-160-209-82.plesk.page\/novoescorial\/","name":"Novoescorial","description":"Tu nuevo hogar en nuestra residencia de mayores en el Escorial","publisher":{"@id":"https:\/\/nervous-tu.217-160-209-82.plesk.page\/novoescorial\/#organization"},"potentialAction":[{"@type":"SearchAction","target":{"@type":"EntryPoint","urlTemplate":"https:\/\/nervous-tu.217-160-209-82.plesk.page\/novoescorial\/?s={search_term_string}"},"query-input":"required name=search_term_string"}],"inLanguage":"es"},{"@type":"Organization","@id":"https:\/\/nervous-tu.217-160-209-82.plesk.page\/novoescorial\/#organization","name":"residencia de Mayores Novoescorial","alternateName":"residencia de Mayores Novoescorial","url":"https:\/\/nervous-tu.217-160-209-82.plesk.page\/novoescorial\/","logo":{"@type":"ImageObject","inLanguage":"es","@id":"https:\/\/nervous-tu.217-160-209-82.plesk.page\/novoescorial\/#\/schema\/logo\/image\/","url":"https:\/\/nervous-tu.217-160-209-82.plesk.page\/novoescorial\/wp-content\/uploads\/2023\/01\/logo_paraBanner.png","contentUrl":"https:\/\/nervous-tu.217-160-209-82.plesk.page\/novoescorial\/wp-content\/uploads\/2023\/01\/logo_paraBanner.png","width":350,"height":108,"caption":"residencia de Mayores Novoescorial"},"image":{"@id":"https:\/\/nervous-tu.217-160-209-82.plesk.page\/novoescorial\/#\/schema\/logo\/image\/"},"sameAs":["https:\/\/www.facebook.com\/Residencia-Novoescorial-681210162001485"]}]}},"_links":{"self":[{"href":"https:\/\/nervous-tu.217-160-209-82.plesk.page\/novoescorial\/index.php\/wp-json\/wp\/v2\/pages\/797","targetHints":{"allow":["GET"]}}],"collection":[{"href":"https:\/\/nervous-tu.217-160-209-82.plesk.page\/novoescorial\/index.php\/wp-json\/wp\/v2\/pages"}],"about":[{"href":"https:\/\/nervous-tu.217-160-209-82.plesk.page\/novoescorial\/index.php\/wp-json\/wp\/v2\/types\/page"}],"author":[{"embeddable":true,"href":"https:\/\/nervous-tu.217-160-209-82.plesk.page\/novoescorial\/index.php\/wp-json\/wp\/v2\/users\/1"}],"replies":[{"embeddable":true,"href":"https:\/\/nervous-tu.217-160-209-82.plesk.page\/novoescorial\/index.php\/wp-json\/wp\/v2\/comments?post=797"}],"version-history":[{"count":6,"href":"https:\/\/nervous-tu.217-160-209-82.plesk.page\/novoescorial\/index.php\/wp-json\/wp\/v2\/pages\/797\/revisions"}],"predecessor-version":[{"id":805,"href":"https:\/\/nervous-tu.217-160-209-82.plesk.page\/novoescorial\/index.php\/wp-json\/wp\/v2\/pages\/797\/revisions\/805"}],"wp:attachment":[{"href":"https:\/\/nervous-tu.217-160-209-82.plesk.page\/novoescorial\/index.php\/wp-json\/wp\/v2\/media?parent=797"}],"curies":[{"name":"wp","href":"https:\/\/api.w.org\/{rel}","templated":true}]}}