{"id":754,"date":"2023-01-16T16:45:20","date_gmt":"2023-01-16T16:45:20","guid":{"rendered":"https:\/\/nervous-tu.217-160-209-82.plesk.page\/novoescorial\/?page_id=754"},"modified":"2023-02-07T08:25:50","modified_gmt":"2023-02-07T08:25:50","slug":"empleo","status":"publish","type":"page","link":"https:\/\/nervous-tu.217-160-209-82.plesk.page\/novoescorial\/index.php\/empleo\/","title":{"rendered":"Empleo"},"content":{"rendered":"<p>[et_pb_section fb_built=\u00bb1&#8243; _builder_version=\u00bb4.19.4&#8243; _module_preset=\u00bbdefault\u00bb global_colors_info=\u00bb{}\u00bb][et_pb_row _builder_version=\u00bb4.19.4&#8243; _module_preset=\u00bbdefault\u00bb global_colors_info=\u00bb{}\u00bb][et_pb_column type=\u00bb4_4&#8243; _builder_version=\u00bb4.19.4&#8243; _module_preset=\u00bbdefault\u00bb global_colors_info=\u00bb{}\u00bb][et_pb_text _builder_version=\u00bb4.19.4&#8243; _module_preset=\u00bbdefault\u00bb text_font_size=\u00bb17px\u00bb header_2_font=\u00bbMontserrat|700||on|||||\u00bb header_2_text_color=\u00bb#0C71C3&#8243; global_colors_info=\u00bb{}\u00bb]<\/p>\n<h2>\u00bfquieres trabajar con nosotros?<\/h2>\n<p><span>Env\u00edanos tu curr\u00edculum si tienes experiencia en atenci\u00f3n a personas mayores y vocaci\u00f3n de servicio. Te contactaremos para discutir oportunidades.<\/span><\/p>\n<p>[\/et_pb_text][\/et_pb_column][\/et_pb_row][et_pb_row _builder_version=\u00bb4.19.4&#8243; _module_preset=\u00bbdefault\u00bb module_alignment=\u00bbcenter\u00bb custom_margin=\u00bb0px||||false|false\u00bb border_color_all=\u00bb#474747&#8243; border_style_all=\u00bbdotted\u00bb global_colors_info=\u00bb{}\u00bb][et_pb_column type=\u00bb4_4&#8243; _builder_version=\u00bb4.19.4&#8243; _module_preset=\u00bbdefault\u00bb global_colors_info=\u00bb{}\u00bb][et_pb_code _builder_version=\u00bb4.19.5&#8243; _module_preset=\u00bbdefault\u00bb hover_enabled=\u00bb0&#8243; sticky_enabled=\u00bb0&#8243;]<div class=\"forminator-ui forminator-custom-form forminator-custom-form-1266   forminator_ajax\" data-forminator-render=\"0\" data-form=\"forminator-module-1266\" data-uid=\"69ea150603715\"><br\/><\/div><form\n\t\t\t\tid=\"forminator-module-1266\"\n\t\t\t\tclass=\"forminator-ui forminator-custom-form forminator-custom-form-1266   forminator_ajax\"\n\t\t\t\tmethod=\"post\"\n\t\t\t\tdata-forminator-render=\"0\"\n\t\t\t\tdata-form-id=\"1266\"\n\t\t\t\t\n\t\t\t\tdata-design=\"none\"\n\t\t\t\t\n\t\t\t\t\n\t\t\t\t\n\t\t\t\tdata-grid=\"open\"\n\t\t\t\tenctype=\"multipart\/form-data\"\n\t\t\t\t\n\t\t\t\tstyle=\"display: none;\"\n\t\t\t\t\n\t\t\t\tdata-uid=\"69ea150603715\"\n\t\t\t><div class=\"forminator-response-message forminator-error\" aria-hidden=\"true\"><\/div><div class=\"forminator-row\"><div id=\"name-1\" class=\"forminator-col forminator-col-12 \"><div class=\"forminator-field\"><label for=\"forminator-field-name-1_69ea150603715\" class=\"forminator-label\">Nombre y Apellidos<\/label><input type=\"text\" name=\"name-1\" value=\"\" placeholder=\"\" id=\"forminator-field-name-1_69ea150603715\" class=\"forminator-input forminator-name--field\" aria-required=\"false\" \/><\/div><\/div><\/div><div class=\"forminator-row\"><div id=\"email-1\" class=\"forminator-col forminator-col-12 \"><div class=\"forminator-field\"><label for=\"forminator-field-email-1_69ea150603715\" class=\"forminator-label\">Correo electr\u00f3nico<\/label><input type=\"email\" name=\"email-1\" value=\"\" placeholder=\"\" id=\"forminator-field-email-1_69ea150603715\" class=\"forminator-input forminator-email--field\" data-required=\"\" aria-required=\"false\" \/><\/div><\/div><\/div><div class=\"forminator-row\"><div id=\"phone-1\" class=\"forminator-col forminator-col-12 \"><div class=\"forminator-field\"><label for=\"forminator-field-phone-1_69ea150603715\" class=\"forminator-label\">Tel\u00e9fono<\/label><input type=\"text\" name=\"phone-1\" value=\"\" placeholder=\"\" id=\"forminator-field-phone-1_69ea150603715\" class=\"forminator-input forminator-field--phone\" data-required=\"\" aria-required=\"false\" autocomplete=\"off\" \/><\/div><\/div><\/div><div class=\"forminator-row\"><div id=\"textarea-1\" class=\"forminator-col forminator-col-12 \"><div class=\"forminator-field\"><label for=\"forminator-field-textarea-1_69ea150603715\" class=\"forminator-label\">Cu\u00e9ntanos algo sobre ti<\/label><textarea name=\"textarea-1\" placeholder=\"\" id=\"forminator-field-textarea-1_69ea150603715\" class=\"forminator-textarea\" rows=\"6\" style=\"min-height:140px;\" ><\/textarea><\/div><\/div><\/div><div class=\"forminator-row\"><div id=\"upload-1\" class=\"forminator-col forminator-col-12 \"><div class=\"forminator-field\"><label for=\"forminator-field-upload-1_69ea150603715\" class=\"forminator-label\">Subir CV<\/label><div class=\"forminator-file-upload \" data-element=\"upload-1_69ea150603715\" aria-describedby=\"forminator-field-upload-1_69ea150603715-description\"><input type=\"file\" name=\"upload-1\" id=\"forminator-field-upload-1_69ea150603715\" class=\"forminator-input-file\" accept=\".jpg,.jpeg,.jpe,.gif,.png,.bmp,.tiff,.tif,.webp,.ico,.heic,.asf,.asx,.wmv,.wmx,.wm,.avi,.divx,.flv,.mov,.qt,.mpeg,.mpg,.mpe,.mp4,.m4v,.ogv,.webm,.mkv,.3gp,.3gpp,.3g2,.3gp2,.txt,.asc,.c,.cc,.h,.srt,.csv,.tsv,.ics,.rtx,.css,.htm,.html,.vtt,.dfxp,.mp3,.m4a,.m4b,.aac,.ra,.ram,.wav,.ogg,.oga,.flac,.mid,.midi,.wma,.wax,.mka,.rtf,.js,.pdf,.class,.tar,.zip,.gz,.gzip,.rar,.7z,.psd,.xcf,.doc,.pot,.pps,.ppt,.wri,.xla,.xls,.xlt,.xlw,.mdb,.mpp,.docx,.docm,.dotx,.dotm,.xlsx,.xlsm,.xlsb,.xltx,.xltm,.xlam,.pptx,.pptm,.ppsx,.ppsm,.potx,.potm,.ppam,.sldx,.sldm,.onetoc,.onetoc2,.onetmp,.onepkg,.oxps,.xps,.odt,.odp,.ods,.odg,.odc,.odb,.odf,.wp,.wpd,.key,.numbers,.pages\"><button class=\"forminator-upload--remove\" style=\"display: none;\">Eliminar<\/button><\/div><\/div><\/div><\/div><div class=\"forminator-row\"><div id=\"checkbox-1\" class=\"forminator-col forminator-col-12 \"><div role=\"group\" class=\"forminator-field\" aria-labelledby=\"forminator-checkbox-group-69ea150603715-label\"><label for=\"forminator-field-checkbox-1-1-69ea150603715\" class=\"forminator-checkbox\" title=\"Acepto la privacidad de los datos\"><input type=\"checkbox\" name=\"checkbox-1[]\" value=\"Acepto-la-privacidad-de-los-datos\" id=\"forminator-field-checkbox-1-1-69ea150603715\" data-calculation=\"0\"  aria-describedby=\"forminator-field-checkbox-1-69ea150603715-description\"\/><span class=\"forminator-checkbox-box\" aria-hidden=\"true\"><\/span><span class=\"forminator-checkbox-label\">Acepto la privacidad de los datos<\/span><\/label><\/div><\/div><\/div><div class=\"forminator-row\"><div id=\"checkbox-2\" class=\"forminator-col forminator-col-12 \"><div role=\"group\" class=\"forminator-field\" aria-labelledby=\"forminator-checkbox-group-69ea150603715-label\"><label for=\"forminator-field-checkbox-2-1-69ea150603715\" class=\"forminator-checkbox\" title=\"Consiento la cesi\u00f3n de mis datos para procesos de selecci\u00f3n\"><input type=\"checkbox\" name=\"checkbox-2[]\" value=\"Acepto-la-privacidad-de-los-datos\" id=\"forminator-field-checkbox-2-1-69ea150603715\" data-calculation=\"0\"  aria-describedby=\"forminator-field-checkbox-2-69ea150603715-description\"\/><span class=\"forminator-checkbox-box\" aria-hidden=\"true\"><\/span><span class=\"forminator-checkbox-label\">Consiento la cesi\u00f3n de mis datos para procesos de selecci\u00f3n<\/span><\/label><\/div><\/div><\/div><input type=\"hidden\" name=\"referer_url\" value=\"\" \/><div class=\"forminator-row forminator-row-last\"><div class=\"forminator-col\"><div class=\"forminator-field\"><button class=\"forminator-button forminator-button-submit\">Enviar mensaje<\/button><\/div><\/div><\/div><input type=\"hidden\" id=\"forminator_nonce\" name=\"forminator_nonce\" value=\"2152ac1098\" \/><input type=\"hidden\" name=\"_wp_http_referer\" value=\"\/novoescorial\/index.php\/wp-json\/wp\/v2\/pages\/754\" \/><input type=\"hidden\" name=\"form_id\" value=\"1266\"><input type=\"hidden\" name=\"page_id\" value=\"754\"><input type=\"hidden\" name=\"form_type\" value=\"default\"><input type=\"hidden\" name=\"current_url\" value=\"https:\/\/nervous-tu.217-160-209-82.plesk.page\/novoescorial\/index.php\/empleo\/\"><input type=\"hidden\" name=\"render_id\" value=\"0\"><input type=\"hidden\" name=\"action\" value=\"forminator_submit_form_custom-forms\"><\/form>[\/et_pb_code][\/et_pb_column][\/et_pb_row][\/et_pb_section]<\/p>\n","protected":false},"excerpt":{"rendered":"<p>\u00bfquieres trabajar con nosotros? Env\u00edanos tu curr\u00edculum si tienes experiencia en atenci\u00f3n a personas mayores y vocaci\u00f3n de servicio. Te contactaremos para discutir oportunidades.<div class=\"forminator-ui forminator-custom-form forminator-custom-form-1266   forminator_ajax\" data-forminator-render=\"1\" data-form=\"forminator-module-1266\" data-uid=\"69ea150633b30\"><br\/><\/div><form\n\t\t\t\tid=\"forminator-module-1266\"\n\t\t\t\tclass=\"forminator-ui forminator-custom-form forminator-custom-form-1266   forminator_ajax\"\n\t\t\t\tmethod=\"post\"\n\t\t\t\tdata-forminator-render=\"1\"\n\t\t\t\tdata-form-id=\"1266\"\n\t\t\t\t\n\t\t\t\tdata-design=\"none\"\n\t\t\t\t\n\t\t\t\t\n\t\t\t\t\n\t\t\t\tdata-grid=\"open\"\n\t\t\t\tenctype=\"multipart\/form-data\"\n\t\t\t\t\n\t\t\t\tstyle=\"display: none;\"\n\t\t\t\t\n\t\t\t\tdata-uid=\"69ea150633b30\"\n\t\t\t><div class=\"forminator-response-message forminator-error\" aria-hidden=\"true\"><\/div><div class=\"forminator-row\"><div id=\"name-1\" class=\"forminator-col forminator-col-12 \"><div class=\"forminator-field\"><label for=\"forminator-field-name-1_69ea150633b30\" class=\"forminator-label\">Nombre y Apellidos<\/label><input type=\"text\" name=\"name-1\" value=\"\" placeholder=\"\" id=\"forminator-field-name-1_69ea150633b30\" class=\"forminator-input forminator-name--field\" aria-required=\"false\" \/><\/div><\/div><\/div><div class=\"forminator-row\"><div id=\"email-1\" class=\"forminator-col forminator-col-12 \"><div class=\"forminator-field\"><label for=\"forminator-field-email-1_69ea150633b30\" class=\"forminator-label\">Correo electr\u00f3nico<\/label><input type=\"email\" name=\"email-1\" value=\"\" placeholder=\"\" id=\"forminator-field-email-1_69ea150633b30\" class=\"forminator-input forminator-email--field\" data-required=\"\" aria-required=\"false\" \/><\/div><\/div><\/div><div class=\"forminator-row\"><div id=\"phone-1\" class=\"forminator-col forminator-col-12 \"><div class=\"forminator-field\"><label for=\"forminator-field-phone-1_69ea150633b30\" class=\"forminator-label\">Tel\u00e9fono<\/label><input type=\"text\" name=\"phone-1\" value=\"\" placeholder=\"\" id=\"forminator-field-phone-1_69ea150633b30\" class=\"forminator-input forminator-field--phone\" data-required=\"\" aria-required=\"false\" autocomplete=\"off\" \/><\/div><\/div><\/div><div class=\"forminator-row\"><div id=\"textarea-1\" class=\"forminator-col forminator-col-12 \"><div class=\"forminator-field\"><label for=\"forminator-field-textarea-1_69ea150633b30\" class=\"forminator-label\">Cu\u00e9ntanos algo sobre ti<\/label><textarea name=\"textarea-1\" placeholder=\"\" id=\"forminator-field-textarea-1_69ea150633b30\" class=\"forminator-textarea\" rows=\"6\" style=\"min-height:140px;\" ><\/textarea><\/div><\/div><\/div><div class=\"forminator-row\"><div id=\"upload-1\" class=\"forminator-col forminator-col-12 \"><div class=\"forminator-field\"><label for=\"forminator-field-upload-1_69ea150633b30\" class=\"forminator-label\">Subir CV<\/label><div class=\"forminator-file-upload \" data-element=\"upload-1_69ea150633b30\" aria-describedby=\"forminator-field-upload-1_69ea150633b30-description\"><input type=\"file\" name=\"upload-1\" id=\"forminator-field-upload-1_69ea150633b30\" class=\"forminator-input-file\" accept=\".jpg,.jpeg,.jpe,.gif,.png,.bmp,.tiff,.tif,.webp,.ico,.heic,.asf,.asx,.wmv,.wmx,.wm,.avi,.divx,.flv,.mov,.qt,.mpeg,.mpg,.mpe,.mp4,.m4v,.ogv,.webm,.mkv,.3gp,.3gpp,.3g2,.3gp2,.txt,.asc,.c,.cc,.h,.srt,.csv,.tsv,.ics,.rtx,.css,.htm,.html,.vtt,.dfxp,.mp3,.m4a,.m4b,.aac,.ra,.ram,.wav,.ogg,.oga,.flac,.mid,.midi,.wma,.wax,.mka,.rtf,.js,.pdf,.class,.tar,.zip,.gz,.gzip,.rar,.7z,.psd,.xcf,.doc,.pot,.pps,.ppt,.wri,.xla,.xls,.xlt,.xlw,.mdb,.mpp,.docx,.docm,.dotx,.dotm,.xlsx,.xlsm,.xlsb,.xltx,.xltm,.xlam,.pptx,.pptm,.ppsx,.ppsm,.potx,.potm,.ppam,.sldx,.sldm,.onetoc,.onetoc2,.onetmp,.onepkg,.oxps,.xps,.odt,.odp,.ods,.odg,.odc,.odb,.odf,.wp,.wpd,.key,.numbers,.pages\"><button class=\"forminator-upload--remove\" style=\"display: none;\">Eliminar<\/button><\/div><\/div><\/div><\/div><div class=\"forminator-row\"><div id=\"checkbox-1\" class=\"forminator-col forminator-col-12 \"><div role=\"group\" class=\"forminator-field\" aria-labelledby=\"forminator-checkbox-group-69ea150633b30-label\"><label for=\"forminator-field-checkbox-1-1-69ea150633b30\" class=\"forminator-checkbox\" title=\"Acepto la privacidad de los datos\"><input type=\"checkbox\" name=\"checkbox-1[]\" value=\"Acepto-la-privacidad-de-los-datos\" id=\"forminator-field-checkbox-1-1-69ea150633b30\" data-calculation=\"0\"  aria-describedby=\"forminator-field-checkbox-1-69ea150633b30-description\"\/><span class=\"forminator-checkbox-box\" aria-hidden=\"true\"><\/span><span class=\"forminator-checkbox-label\">Acepto la privacidad de los datos<\/span><\/label><\/div><\/div><\/div><div class=\"forminator-row\"><div id=\"checkbox-2\" class=\"forminator-col forminator-col-12 \"><div role=\"group\" class=\"forminator-field\" aria-labelledby=\"forminator-checkbox-group-69ea150633b30-label\"><label for=\"forminator-field-checkbox-2-1-69ea150633b30\" class=\"forminator-checkbox\" title=\"Consiento la cesi\u00f3n de mis datos para procesos de selecci\u00f3n\"><input type=\"checkbox\" name=\"checkbox-2[]\" value=\"Acepto-la-privacidad-de-los-datos\" id=\"forminator-field-checkbox-2-1-69ea150633b30\" data-calculation=\"0\"  aria-describedby=\"forminator-field-checkbox-2-69ea150633b30-description\"\/><span class=\"forminator-checkbox-box\" aria-hidden=\"true\"><\/span><span class=\"forminator-checkbox-label\">Consiento la cesi\u00f3n de mis datos para procesos de selecci\u00f3n<\/span><\/label><\/div><\/div><\/div><input type=\"hidden\" name=\"referer_url\" value=\"\" \/><div class=\"forminator-row forminator-row-last\"><div class=\"forminator-col\"><div class=\"forminator-field\"><button class=\"forminator-button forminator-button-submit\">Enviar mensaje<\/button><\/div><\/div><\/div><input type=\"hidden\" id=\"forminator_nonce\" name=\"forminator_nonce\" value=\"2152ac1098\" \/><input type=\"hidden\" name=\"_wp_http_referer\" value=\"\/novoescorial\/index.php\/wp-json\/wp\/v2\/pages\/754\" \/><input type=\"hidden\" name=\"form_id\" value=\"1266\"><input type=\"hidden\" name=\"page_id\" value=\"754\"><input type=\"hidden\" name=\"form_type\" value=\"default\"><input type=\"hidden\" name=\"current_url\" value=\"https:\/\/nervous-tu.217-160-209-82.plesk.page\/novoescorial\/index.php\/empleo\/\"><input type=\"hidden\" name=\"render_id\" value=\"1\"><input type=\"hidden\" name=\"action\" value=\"forminator_submit_form_custom-forms\"><\/form><\/p>\n","protected":false},"author":1,"featured_media":0,"parent":0,"menu_order":0,"comment_status":"closed","ping_status":"closed","template":"","meta":{"_et_pb_use_builder":"on","_et_pb_old_content":"","_et_gb_content_width":"","footnotes":""},"class_list":["post-754","page","type-page","status-publish","hentry"],"yoast_head":"<!-- This site is optimized with the Yoast SEO plugin v20.0 - https:\/\/yoast.com\/wordpress\/plugins\/seo\/ -->\n<title>Empleo - Novoescorial<\/title>\n<meta name=\"robots\" content=\"index, follow, max-snippet:-1, max-image-preview:large, max-video-preview:-1\" \/>\n<link rel=\"canonical\" href=\"https:\/\/nervous-tu.217-160-209-82.plesk.page\/novoescorial\/index.php\/empleo\/\" \/>\n<meta property=\"og:locale\" content=\"es_ES\" \/>\n<meta property=\"og:type\" content=\"article\" \/>\n<meta property=\"og:title\" content=\"Empleo - Novoescorial\" \/>\n<meta property=\"og:description\" content=\"\u00bfquieres trabajar con nosotros? Env\u00edanos tu curr\u00edculum si tienes experiencia en atenci\u00f3n a personas mayores y vocaci\u00f3n de servicio. Te contactaremos para discutir oportunidades.\" \/>\n<meta property=\"og:url\" content=\"https:\/\/nervous-tu.217-160-209-82.plesk.page\/novoescorial\/index.php\/empleo\/\" \/>\n<meta property=\"og:site_name\" content=\"Novoescorial\" \/>\n<meta property=\"article:publisher\" content=\"https:\/\/www.facebook.com\/Residencia-Novoescorial-681210162001485\" \/>\n<meta property=\"article:modified_time\" content=\"2023-02-07T08:25:50+00:00\" \/>\n<meta property=\"og:image\" content=\"https:\/\/nervous-tu.217-160-209-82.plesk.page\/novoescorial\/wp-content\/uploads\/2023\/02\/entrada_residencia.jpg\" \/>\n\t<meta property=\"og:image:width\" content=\"1600\" \/>\n\t<meta property=\"og:image:height\" content=\"918\" \/>\n\t<meta property=\"og:image:type\" content=\"image\/jpeg\" \/>\n<meta name=\"twitter:card\" content=\"summary_large_image\" \/>\n<meta name=\"twitter:label1\" content=\"Tiempo de lectura\" \/>\n\t<meta name=\"twitter:data1\" content=\"1 minuto\" \/>\n<script type=\"application\/ld+json\" class=\"yoast-schema-graph\">{\"@context\":\"https:\/\/schema.org\",\"@graph\":[{\"@type\":\"WebPage\",\"@id\":\"https:\/\/nervous-tu.217-160-209-82.plesk.page\/novoescorial\/index.php\/empleo\/\",\"url\":\"https:\/\/nervous-tu.217-160-209-82.plesk.page\/novoescorial\/index.php\/empleo\/\",\"name\":\"Empleo - Novoescorial\",\"isPartOf\":{\"@id\":\"https:\/\/nervous-tu.217-160-209-82.plesk.page\/novoescorial\/#website\"},\"datePublished\":\"2023-01-16T16:45:20+00:00\",\"dateModified\":\"2023-02-07T08:25:50+00:00\",\"breadcrumb\":{\"@id\":\"https:\/\/nervous-tu.217-160-209-82.plesk.page\/novoescorial\/index.php\/empleo\/#breadcrumb\"},\"inLanguage\":\"es\",\"potentialAction\":[{\"@type\":\"ReadAction\",\"target\":[\"https:\/\/nervous-tu.217-160-209-82.plesk.page\/novoescorial\/index.php\/empleo\/\"]}]},{\"@type\":\"BreadcrumbList\",\"@id\":\"https:\/\/nervous-tu.217-160-209-82.plesk.page\/novoescorial\/index.php\/empleo\/#breadcrumb\",\"itemListElement\":[{\"@type\":\"ListItem\",\"position\":1,\"name\":\"Portada\",\"item\":\"https:\/\/nervous-tu.217-160-209-82.plesk.page\/novoescorial\/\"},{\"@type\":\"ListItem\",\"position\":2,\"name\":\"Empleo\"}]},{\"@type\":\"WebSite\",\"@id\":\"https:\/\/nervous-tu.217-160-209-82.plesk.page\/novoescorial\/#website\",\"url\":\"https:\/\/nervous-tu.217-160-209-82.plesk.page\/novoescorial\/\",\"name\":\"Novoescorial\",\"description\":\"Tu nuevo hogar en nuestra residencia de mayores en el Escorial\",\"publisher\":{\"@id\":\"https:\/\/nervous-tu.217-160-209-82.plesk.page\/novoescorial\/#organization\"},\"potentialAction\":[{\"@type\":\"SearchAction\",\"target\":{\"@type\":\"EntryPoint\",\"urlTemplate\":\"https:\/\/nervous-tu.217-160-209-82.plesk.page\/novoescorial\/?s={search_term_string}\"},\"query-input\":\"required name=search_term_string\"}],\"inLanguage\":\"es\"},{\"@type\":\"Organization\",\"@id\":\"https:\/\/nervous-tu.217-160-209-82.plesk.page\/novoescorial\/#organization\",\"name\":\"residencia de Mayores Novoescorial\",\"alternateName\":\"residencia de Mayores Novoescorial\",\"url\":\"https:\/\/nervous-tu.217-160-209-82.plesk.page\/novoescorial\/\",\"logo\":{\"@type\":\"ImageObject\",\"inLanguage\":\"es\",\"@id\":\"https:\/\/nervous-tu.217-160-209-82.plesk.page\/novoescorial\/#\/schema\/logo\/image\/\",\"url\":\"https:\/\/nervous-tu.217-160-209-82.plesk.page\/novoescorial\/wp-content\/uploads\/2023\/01\/logo_paraBanner.png\",\"contentUrl\":\"https:\/\/nervous-tu.217-160-209-82.plesk.page\/novoescorial\/wp-content\/uploads\/2023\/01\/logo_paraBanner.png\",\"width\":350,\"height\":108,\"caption\":\"residencia de Mayores Novoescorial\"},\"image\":{\"@id\":\"https:\/\/nervous-tu.217-160-209-82.plesk.page\/novoescorial\/#\/schema\/logo\/image\/\"},\"sameAs\":[\"https:\/\/www.facebook.com\/Residencia-Novoescorial-681210162001485\"]}]}<\/script>\n<!-- \/ Yoast SEO plugin. -->","yoast_head_json":{"title":"Empleo - Novoescorial","robots":{"index":"index","follow":"follow","max-snippet":"max-snippet:-1","max-image-preview":"max-image-preview:large","max-video-preview":"max-video-preview:-1"},"canonical":"https:\/\/nervous-tu.217-160-209-82.plesk.page\/novoescorial\/index.php\/empleo\/","og_locale":"es_ES","og_type":"article","og_title":"Empleo - Novoescorial","og_description":"\u00bfquieres trabajar con nosotros? Env\u00edanos tu curr\u00edculum si tienes experiencia en atenci\u00f3n a personas mayores y vocaci\u00f3n de servicio. Te contactaremos para discutir oportunidades.","og_url":"https:\/\/nervous-tu.217-160-209-82.plesk.page\/novoescorial\/index.php\/empleo\/","og_site_name":"Novoescorial","article_publisher":"https:\/\/www.facebook.com\/Residencia-Novoescorial-681210162001485","article_modified_time":"2023-02-07T08:25:50+00:00","og_image":[{"width":1600,"height":918,"url":"https:\/\/nervous-tu.217-160-209-82.plesk.page\/novoescorial\/wp-content\/uploads\/2023\/02\/entrada_residencia.jpg","type":"image\/jpeg"}],"twitter_card":"summary_large_image","twitter_misc":{"Tiempo de lectura":"1 minuto"},"schema":{"@context":"https:\/\/schema.org","@graph":[{"@type":"WebPage","@id":"https:\/\/nervous-tu.217-160-209-82.plesk.page\/novoescorial\/index.php\/empleo\/","url":"https:\/\/nervous-tu.217-160-209-82.plesk.page\/novoescorial\/index.php\/empleo\/","name":"Empleo - Novoescorial","isPartOf":{"@id":"https:\/\/nervous-tu.217-160-209-82.plesk.page\/novoescorial\/#website"},"datePublished":"2023-01-16T16:45:20+00:00","dateModified":"2023-02-07T08:25:50+00:00","breadcrumb":{"@id":"https:\/\/nervous-tu.217-160-209-82.plesk.page\/novoescorial\/index.php\/empleo\/#breadcrumb"},"inLanguage":"es","potentialAction":[{"@type":"ReadAction","target":["https:\/\/nervous-tu.217-160-209-82.plesk.page\/novoescorial\/index.php\/empleo\/"]}]},{"@type":"BreadcrumbList","@id":"https:\/\/nervous-tu.217-160-209-82.plesk.page\/novoescorial\/index.php\/empleo\/#breadcrumb","itemListElement":[{"@type":"ListItem","position":1,"name":"Portada","item":"https:\/\/nervous-tu.217-160-209-82.plesk.page\/novoescorial\/"},{"@type":"ListItem","position":2,"name":"Empleo"}]},{"@type":"WebSite","@id":"https:\/\/nervous-tu.217-160-209-82.plesk.page\/novoescorial\/#website","url":"https:\/\/nervous-tu.217-160-209-82.plesk.page\/novoescorial\/","name":"Novoescorial","description":"Tu nuevo hogar en nuestra residencia de mayores en el Escorial","publisher":{"@id":"https:\/\/nervous-tu.217-160-209-82.plesk.page\/novoescorial\/#organization"},"potentialAction":[{"@type":"SearchAction","target":{"@type":"EntryPoint","urlTemplate":"https:\/\/nervous-tu.217-160-209-82.plesk.page\/novoescorial\/?s={search_term_string}"},"query-input":"required name=search_term_string"}],"inLanguage":"es"},{"@type":"Organization","@id":"https:\/\/nervous-tu.217-160-209-82.plesk.page\/novoescorial\/#organization","name":"residencia de Mayores Novoescorial","alternateName":"residencia de Mayores Novoescorial","url":"https:\/\/nervous-tu.217-160-209-82.plesk.page\/novoescorial\/","logo":{"@type":"ImageObject","inLanguage":"es","@id":"https:\/\/nervous-tu.217-160-209-82.plesk.page\/novoescorial\/#\/schema\/logo\/image\/","url":"https:\/\/nervous-tu.217-160-209-82.plesk.page\/novoescorial\/wp-content\/uploads\/2023\/01\/logo_paraBanner.png","contentUrl":"https:\/\/nervous-tu.217-160-209-82.plesk.page\/novoescorial\/wp-content\/uploads\/2023\/01\/logo_paraBanner.png","width":350,"height":108,"caption":"residencia de Mayores Novoescorial"},"image":{"@id":"https:\/\/nervous-tu.217-160-209-82.plesk.page\/novoescorial\/#\/schema\/logo\/image\/"},"sameAs":["https:\/\/www.facebook.com\/Residencia-Novoescorial-681210162001485"]}]}},"_links":{"self":[{"href":"https:\/\/nervous-tu.217-160-209-82.plesk.page\/novoescorial\/index.php\/wp-json\/wp\/v2\/pages\/754","targetHints":{"allow":["GET"]}}],"collection":[{"href":"https:\/\/nervous-tu.217-160-209-82.plesk.page\/novoescorial\/index.php\/wp-json\/wp\/v2\/pages"}],"about":[{"href":"https:\/\/nervous-tu.217-160-209-82.plesk.page\/novoescorial\/index.php\/wp-json\/wp\/v2\/types\/page"}],"author":[{"embeddable":true,"href":"https:\/\/nervous-tu.217-160-209-82.plesk.page\/novoescorial\/index.php\/wp-json\/wp\/v2\/users\/1"}],"replies":[{"embeddable":true,"href":"https:\/\/nervous-tu.217-160-209-82.plesk.page\/novoescorial\/index.php\/wp-json\/wp\/v2\/comments?post=754"}],"version-history":[{"count":17,"href":"https:\/\/nervous-tu.217-160-209-82.plesk.page\/novoescorial\/index.php\/wp-json\/wp\/v2\/pages\/754\/revisions"}],"predecessor-version":[{"id":1267,"href":"https:\/\/nervous-tu.217-160-209-82.plesk.page\/novoescorial\/index.php\/wp-json\/wp\/v2\/pages\/754\/revisions\/1267"}],"wp:attachment":[{"href":"https:\/\/nervous-tu.217-160-209-82.plesk.page\/novoescorial\/index.php\/wp-json\/wp\/v2\/media?parent=754"}],"curies":[{"name":"wp","href":"https:\/\/api.w.org\/{rel}","templated":true}]}}