{"id":120,"date":"2022-10-17T10:56:21","date_gmt":"2022-10-17T10:56:21","guid":{"rendered":"https:\/\/nervous-tu.217-160-209-82.plesk.page\/novoescorial\/?page_id=120"},"modified":"2023-02-06T10:59:18","modified_gmt":"2023-02-06T10:59:18","slug":"la-residencia","status":"publish","type":"page","link":"https:\/\/nervous-tu.217-160-209-82.plesk.page\/novoescorial\/index.php\/la-residencia\/","title":{"rendered":"Nuestro centro"},"content":{"rendered":"<p>[et_pb_section fb_built=\u00bb1&#8243; next_background_color=\u00bb#ffffff\u00bb _builder_version=\u00bb4.19.5&#8243; _module_preset=\u00bbdefault\u00bb background_color=\u00bb#f4f4f4&#8243; background_image=\u00bbhttps:\/\/nervous-tu.217-160-209-82.plesk.page\/novoescorial\/wp-content\/uploads\/2023\/02\/entrada_residencia.jpg\u00bb parallax=\u00bbon\u00bb background_blend=\u00bbscreen\u00bb min_height=\u00bb685px\u00bb custom_margin=\u00bb||-32px||false|false\u00bb custom_padding=\u00bb||420px||false|false\u00bb bottom_divider_style=\u00bbmountains2&#8243; global_colors_info=\u00bb{}\u00bb][\/et_pb_section][et_pb_section fb_built=\u00bb1&#8243; _builder_version=\u00bb4.19.4&#8243; _module_preset=\u00bbdefault\u00bb custom_padding=\u00bb||0px|||\u00bb global_colors_info=\u00bb{}\u00bb][et_pb_row _builder_version=\u00bb4.19.4&#8243; _module_preset=\u00bbdefault\u00bb locked=\u00bboff\u00bb global_colors_info=\u00bb{}\u00bb][et_pb_column type=\u00bb4_4&#8243; _builder_version=\u00bb4.19.4&#8243; _module_preset=\u00bbdefault\u00bb global_colors_info=\u00bb{}\u00bb][et_pb_text _builder_version=\u00bb4.19.4&#8243; _module_preset=\u00bbdefault\u00bb text_font=\u00bbMontserrat||||||||\u00bb text_font_size=\u00bb17px\u00bb header_2_font=\u00bbMontserrat|700||on|||||\u00bb header_2_text_color=\u00bb#0C71C3&#8243; global_colors_info=\u00bb{}\u00bb]<\/p>\n<h2>la residencia<\/h2>\n<p>Nuestro centro esta situado en El escorial, cuenta con<strong> m\u00e1s de 15 a\u00f1os de experiencia<\/strong>. Es un espacio donde todos los profesionales <strong>construimos junto con nuestros mayores un hogar<\/strong>, donde encuentran cuidados, trato personalizado y atenci\u00f3n para su bienestar. Novoescorial es un centro libre de sujeciones, acreditado por ceoma, gracias al trabajo en grupo de nuestros profesionales centrados en las necesidades y capacidades de cada persona.<\/p>\n<p>[\/et_pb_text][et_pb_divider color=\u00bb#8F8F8F\u00bb _builder_version=\u00bb4.19.4&#8243; _module_preset=\u00bbdefault\u00bb global_colors_info=\u00bb{}\u00bb][\/et_pb_divider][et_pb_text _builder_version=\u00bb4.19.4&#8243; _module_preset=\u00bbdefault\u00bb text_font=\u00bbMontserrat||||||||\u00bb text_font_size=\u00bb17px\u00bb header_2_font=\u00bbMontserrat|700||on|||||\u00bb header_2_text_color=\u00bb#0C71C3&#8243; global_colors_info=\u00bb{}\u00bb]<\/p>\n<h2>nuestro centro<\/h2>\n<p>El maravillo entorno, mobiliario e instalaciones de Novoescorial han sido pensados para junto nuestro equipo humano, proporcione la calidez necesaria a cada residente para el desarrollo y convivencia dentro del centro.<\/p>\n<p>[\/et_pb_text][et_pb_divider color=\u00bb#B3B3B3&#8243; _builder_version=\u00bb4.19.4&#8243; _module_preset=\u00bbdefault\u00bb global_colors_info=\u00bb{}\u00bb][\/et_pb_divider][\/et_pb_column][\/et_pb_row][et_pb_row _builder_version=\u00bb4.19.4&#8243; _module_preset=\u00bbdefault\u00bb global_colors_info=\u00bb{}\u00bb][et_pb_column type=\u00bb4_4&#8243; _builder_version=\u00bb4.19.4&#8243; _module_preset=\u00bbdefault\u00bb global_colors_info=\u00bb{}\u00bb][et_pb_text _builder_version=\u00bb4.19.4&#8243; _module_preset=\u00bbdefault\u00bb text_font_size=\u00bb17px\u00bb header_2_font=\u00bbMontserrat|700||on|||||\u00bb header_2_text_color=\u00bb#0C71C3&#8243; custom_margin=\u00bb||-8px|||\u00bb global_colors_info=\u00bb{}\u00bb]<\/p>\n<h2>tipolog\u00eda de estancias<\/h2>\n<p>&nbsp;<\/p>\n<p>[\/et_pb_text][\/et_pb_column][\/et_pb_row][et_pb_row column_structure=\u00bb1_2,1_2&#8243; _builder_version=\u00bb4.19.4&#8243; _module_preset=\u00bbdefault\u00bb width=\u00bb44%\u00bb custom_margin=\u00bb-37px|auto||auto||\u00bb global_colors_info=\u00bb{}\u00bb][et_pb_column type=\u00bb1_2&#8243; _builder_version=\u00bb4.19.4&#8243; _module_preset=\u00bbdefault\u00bb global_colors_info=\u00bb{}\u00bb][et_pb_blurb title=\u00bbPERMANENTES\u00bb use_icon=\u00bbon\u00bb font_icon=\u00bb&#xe009;||divi||400&#8243; icon_color=\u00bb#88C4DD\u00bb _builder_version=\u00bb4.19.4&#8243; _module_preset=\u00bbdefault\u00bb header_font=\u00bbMontserrat|700|||||||\u00bb header_text_align=\u00bbcenter\u00bb header_font_size=\u00bb22px\u00bb body_font=\u00bbMontserrat||||||||\u00bb body_text_align=\u00bbcenter\u00bb body_font_size=\u00bb17px\u00bb global_colors_info=\u00bb{}\u00bb]<\/p>\n<p>Cuidado a largo plazo<\/p>\n<p>[\/et_pb_blurb][\/et_pb_column][et_pb_column type=\u00bb1_2&#8243; _builder_version=\u00bb4.19.4&#8243; _module_preset=\u00bbdefault\u00bb global_colors_info=\u00bb{}\u00bb][et_pb_blurb title=\u00bbTEMPORALES\u00bb use_icon=\u00bbon\u00bb font_icon=\u00bb&#xe0e1;||divi||400&#8243; icon_color=\u00bb#88C4DD\u00bb _builder_version=\u00bb4.19.4&#8243; _module_preset=\u00bbdefault\u00bb header_font=\u00bbMontserrat|700|||||||\u00bb header_text_align=\u00bbcenter\u00bb header_font_size=\u00bb22px\u00bb body_font=\u00bbMontserrat||||||||\u00bb body_text_align=\u00bbcenter\u00bb body_font_size=\u00bb17px\u00bb global_colors_info=\u00bb{}\u00bb]<\/p>\n<p>Rehabilitaci\u00f3n<br \/>Descanso familiar<br \/>Post operatorios<\/p>\n<p>&nbsp;<\/p>\n<p>[\/et_pb_blurb][\/et_pb_column][\/et_pb_row][et_pb_row _builder_version=\u00bb4.19.4&#8243; _module_preset=\u00bbdefault\u00bb custom_margin=\u00bb-26px|auto||auto||\u00bb custom_padding=\u00bb||0px|||\u00bb global_colors_info=\u00bb{}\u00bb][et_pb_column type=\u00bb4_4&#8243; _builder_version=\u00bb4.19.4&#8243; _module_preset=\u00bbdefault\u00bb global_colors_info=\u00bb{}\u00bb][et_pb_divider color=\u00bb#8F8F8F\u00bb _builder_version=\u00bb4.19.4&#8243; _module_preset=\u00bbdefault\u00bb custom_margin=\u00bb-54px|||||\u00bb custom_padding=\u00bb||0px|||\u00bb global_colors_info=\u00bb{}\u00bb][\/et_pb_divider][\/et_pb_column][\/et_pb_row][et_pb_row _builder_version=\u00bb4.19.4&#8243; _module_preset=\u00bbdefault\u00bb custom_padding=\u00bb0px|||||\u00bb global_colors_info=\u00bb{}\u00bb][et_pb_column type=\u00bb4_4&#8243; _builder_version=\u00bb4.19.4&#8243; _module_preset=\u00bbdefault\u00bb global_colors_info=\u00bb{}\u00bb][et_pb_text _builder_version=\u00bb4.19.4&#8243; _module_preset=\u00bbdefault\u00bb text_font_size=\u00bb17px\u00bb header_2_font=\u00bbMontserrat|700||on|||||\u00bb header_2_text_color=\u00bb#0C71C3&#8243; custom_margin=\u00bb||-8px|||\u00bb global_colors_info=\u00bb{}\u00bb]<\/p>\n<h2>PATOLOG\u00cdAS<\/h2>\n<p>[\/et_pb_text][\/et_pb_column][\/et_pb_row][et_pb_row column_structure=\u00bb1_3,1_3,1_3&#8243; _builder_version=\u00bb4.19.4&#8243; _module_preset=\u00bbdefault\u00bb global_colors_info=\u00bb{}\u00bb][et_pb_column type=\u00bb1_3&#8243; _builder_version=\u00bb4.19.4&#8243; _module_preset=\u00bbdefault\u00bb global_colors_info=\u00bb{}\u00bb][et_pb_blurb title=\u00bbAlzheimer\u00bb image_icon_background_color=\u00bb#E09900&#8243; image=\u00bbhttps:\/\/nervous-tu.217-160-209-82.plesk.page\/novoescorial\/wp-content\/uploads\/2023\/01\/alzheimer.jpg\u00bb alt=\u00bbalzheimer<br \/>\n\u00bb image_icon_width=\u00bb64%\u00bb _builder_version=\u00bb4.19.5&#8243; _module_preset=\u00bbdefault\u00bb header_font=\u00bbMontserrat|600|||||||\u00bb header_text_align=\u00bbcenter\u00bb header_text_color=\u00bb#0C71C3&#8243; header_font_size=\u00bb24px\u00bb child_filter_saturate=\u00bb81%\u00bb child_filter_brightness=\u00bb200%\u00bb child_filter_opacity=\u00bb74%\u00bb border_color_all_image=\u00bb#E02B20&#8243; global_colors_info=\u00bb{}\u00bb][\/et_pb_blurb][et_pb_blurb title=\u00bbRemautolog\u00edas\u00bb image=\u00bbhttps:\/\/nervous-tu.217-160-209-82.plesk.page\/novoescorial\/wp-content\/uploads\/2023\/01\/reuma.jpg\u00bb alt=\u00bbreuma\u00bb image_icon_width=\u00bb64%\u00bb _builder_version=\u00bb4.19.5&#8243; _module_preset=\u00bbdefault\u00bb header_font=\u00bbMontserrat|600|||||||\u00bb header_text_align=\u00bbcenter\u00bb header_text_color=\u00bb#0C71C3&#8243; header_font_size=\u00bb24px\u00bb child_filter_opacity=\u00bb70%\u00bb global_colors_info=\u00bb{}\u00bb][\/et_pb_blurb][\/et_pb_column][et_pb_column type=\u00bb1_3&#8243; _builder_version=\u00bb4.19.4&#8243; _module_preset=\u00bbdefault\u00bb global_colors_info=\u00bb{}\u00bb][et_pb_blurb title=\u00bbParkinson\u00bb image=\u00bbhttps:\/\/nervous-tu.217-160-209-82.plesk.page\/novoescorial\/wp-content\/uploads\/2023\/02\/icono_parkinson.jpg\u00bb alt=\u00bbParkinson\u00bb image_icon_width=\u00bb40%\u00bb _builder_version=\u00bb4.19.5&#8243; _module_preset=\u00bbdefault\u00bb header_font=\u00bbMontserrat|600|||||||\u00bb header_text_align=\u00bbcenter\u00bb header_text_color=\u00bb#0C71C3&#8243; header_font_size=\u00bb24px\u00bb child_filter_opacity=\u00bb89%\u00bb hover_enabled=\u00bb0&#8243; global_colors_info=\u00bb{}\u00bb sticky_enabled=\u00bb0&#8243; title_text=\u00bbicono_parkinson\u00bb content_max_width=\u00bb313px\u00bb][\/et_pb_blurb][et_pb_blurb title=\u00bbRespiratorias\u00bb image=\u00bbhttps:\/\/nervous-tu.217-160-209-82.plesk.page\/novoescorial\/wp-content\/uploads\/2023\/01\/pulmones.jpg\u00bb alt=\u00bbpulmones\u00bb image_icon_width=\u00bb64%\u00bb _builder_version=\u00bb4.19.5&#8243; _module_preset=\u00bbdefault\u00bb header_font=\u00bbMontserrat|600|||||||\u00bb header_text_align=\u00bbcenter\u00bb header_text_color=\u00bb#0C71C3&#8243; header_font_size=\u00bb24px\u00bb child_filter_opacity=\u00bb70%\u00bb global_colors_info=\u00bb{}\u00bb][\/et_pb_blurb][\/et_pb_column][et_pb_column type=\u00bb1_3&#8243; _builder_version=\u00bb4.19.4&#8243; _module_preset=\u00bbdefault\u00bb global_colors_info=\u00bb{}\u00bb][et_pb_blurb title=\u00bbIctus\u00bb image=\u00bbhttps:\/\/nervous-tu.217-160-209-82.plesk.page\/novoescorial\/wp-content\/uploads\/2023\/01\/cabeza1.jpg\u00bb alt=\u00bbalzheimer\u00bb image_icon_width=\u00bb64%\u00bb _builder_version=\u00bb4.19.5&#8243; _module_preset=\u00bbdefault\u00bb header_font=\u00bbMontserrat|600|||||||\u00bb header_text_align=\u00bbcenter\u00bb header_text_color=\u00bb#0C71C3&#8243; header_font_size=\u00bb24px\u00bb child_filter_opacity=\u00bb70%\u00bb global_colors_info=\u00bb{}\u00bb][\/et_pb_blurb][et_pb_blurb title=\u00bbCardiacas\u00bb image=\u00bbhttps:\/\/nervous-tu.217-160-209-82.plesk.page\/novoescorial\/wp-content\/uploads\/2023\/01\/corazon.jpg\u00bb alt=\u00bbcardiacas\u00bb image_icon_width=\u00bb64%\u00bb _builder_version=\u00bb4.19.5&#8243; _module_preset=\u00bbdefault\u00bb header_font=\u00bbMontserrat|600|||||||\u00bb header_text_align=\u00bbcenter\u00bb header_text_color=\u00bb#0C71C3&#8243; header_font_size=\u00bb24px\u00bb child_filter_opacity=\u00bb70%\u00bb global_colors_info=\u00bb{}\u00bb][\/et_pb_blurb][\/et_pb_column][\/et_pb_row][et_pb_row _builder_version=\u00bb4.19.4&#8243; _module_preset=\u00bbdefault\u00bb locked=\u00bboff\u00bb global_colors_info=\u00bb{}\u00bb][et_pb_column type=\u00bb4_4&#8243; _builder_version=\u00bb4.19.4&#8243; _module_preset=\u00bbdefault\u00bb global_colors_info=\u00bb{}\u00bb][et_pb_divider color=\u00bb#B3B3B3&#8243; _builder_version=\u00bb4.19.4&#8243; _module_preset=\u00bbdefault\u00bb global_colors_info=\u00bb{}\u00bb][\/et_pb_divider][dica_divi_carousel show_items_desktop=\u00bb2&#8243; autoplay=\u00bbon\u00bb scroller_effect=\u00bbon\u00bb transition_duration_scroll=\u00bb5000&#8243; arrow_nav=\u00bbon\u00bb dot_nav=\u00bbon\u00bb item_vertical_align=\u00bbflex-start\u00bb advanced_effect=\u00bb1&#8243; title_background=\u00bbRGBA(255,255,255,0)\u00bb _builder_version=\u00bb4.19.5&#8243; _module_preset=\u00bbdefault\u00bb title_font=\u00bbMontserrat||||||||\u00bb body_font=\u00bbMontserrat||||||||\u00bb custom_margin=\u00bb||-6px|||\u00bb custom_padding=\u00bb||0px|||\u00bb hover_enabled=\u00bb0&#8243; locked=\u00bboff\u00bb global_colors_info=\u00bb{}\u00bb sticky_enabled=\u00bb0&#8243;][dica_divi_carouselitem button_url_new_window=\u00bb1&#8243; image=\u00bbhttps:\/\/nervous-tu.217-160-209-82.plesk.page\/novoescorial\/wp-content\/uploads\/2023\/01\/jardin2.jpg\u00bb _builder_version=\u00bb4.19.4&#8243; _module_preset=\u00bbdefault\u00bb global_colors_info=\u00bb{}\u00bb]<\/p>\n<p>Zona de jardines<\/p>\n<p>[\/dica_divi_carouselitem][dica_divi_carouselitem button_url_new_window=\u00bb1&#8243; image=\u00bbhttps:\/\/nervous-tu.217-160-209-82.plesk.page\/novoescorial\/wp-content\/uploads\/2022\/11\/salon-9.jpeg\u00bb _builder_version=\u00bb4.19.4&#8243; _module_preset=\u00bbdefault\u00bb global_colors_info=\u00bb{}\u00bb]<\/p>\n<p>Salones<\/p>\n<p>[\/dica_divi_carouselitem][dica_divi_carouselitem button_url_new_window=\u00bb1&#8243; image=\u00bbhttps:\/\/nervous-tu.217-160-209-82.plesk.page\/novoescorial\/wp-content\/uploads\/2022\/11\/hab-doble-compartida-2.jpeg\u00bb _builder_version=\u00bb4.19.4&#8243; _module_preset=\u00bbdefault\u00bb global_colors_info=\u00bb{}\u00bb]<\/p>\n<p>Habitaciones<\/p>\n<p>[\/dica_divi_carouselitem][dica_divi_carouselitem button_url_new_window=\u00bb1&#8243; image=\u00bbhttps:\/\/nervous-tu.217-160-209-82.plesk.page\/novoescorial\/wp-content\/uploads\/2022\/11\/hab-doble-grande-1.jpeg\u00bb _builder_version=\u00bb4.19.4&#8243; _module_preset=\u00bbdefault\u00bb global_colors_info=\u00bb{}\u00bb]<\/p>\n<p>Habitaciones<\/p>\n<p>[\/dica_divi_carouselitem][\/dica_divi_carousel][et_pb_divider color=\u00bb#8F8F8F\u00bb _builder_version=\u00bb4.19.4&#8243; _module_preset=\u00bbdefault\u00bb global_colors_info=\u00bb{}\u00bb][\/et_pb_divider][dica_divi_carousel advanced_effect=\u00bb1&#8243; _builder_version=\u00bb4.19.4&#8243; _module_preset=\u00bbdefault\u00bb global_colors_info=\u00bb{}\u00bb][\/dica_divi_carousel][\/et_pb_column][\/et_pb_row][\/et_pb_section][et_pb_section fb_built=\u00bb1&#8243; _builder_version=\u00bb4.19.0&#8243; _module_preset=\u00bbdefault\u00bb min_height=\u00bb470.2px\u00bb global_colors_info=\u00bb{}\u00bb][et_pb_row _builder_version=\u00bb4.19.0&#8243; _module_preset=\u00bbdefault\u00bb custom_margin=\u00bb-25px||||false|false\u00bb custom_padding=\u00bb0px||2px||false|false\u00bb global_colors_info=\u00bb{}\u00bb][et_pb_column type=\u00bb4_4&#8243; _builder_version=\u00bb4.19.0&#8243; _module_preset=\u00bbdefault\u00bb global_colors_info=\u00bb{}\u00bb][et_pb_text _builder_version=\u00bb4.19.4&#8243; _module_preset=\u00bbdefault\u00bb header_font=\u00bbMontserrat|700|||||||\u00bb header_text_color=\u00bb#0d71c3&#8243; global_colors_info=\u00bb{}\u00bb]<\/p>\n<h1>El Escorial<\/h1>\n<p>[\/et_pb_text][\/et_pb_column][\/et_pb_row][et_pb_row column_structure=\u00bb3_5,2_5&#8243; _builder_version=\u00bb4.19.4&#8243; _module_preset=\u00bbdefault\u00bb global_colors_info=\u00bb{}\u00bb][et_pb_column type=\u00bb3_5&#8243; _builder_version=\u00bb4.19.0&#8243; _module_preset=\u00bbdefault\u00bb global_colors_info=\u00bb{}\u00bb][et_pb_text _builder_version=\u00bb4.19.4&#8243; _module_preset=\u00bbdefault\u00bb text_font=\u00bbMontserrat||||||||\u00bb text_text_color=\u00bb#6b6b6b\u00bb text_font_size=\u00bb18px\u00bb min_height=\u00bb68.4px\u00bb global_colors_info=\u00bb{}\u00bb]<\/p>\n<p class=\"text-destacado\">En plena Sierra de Guadarrama, a tan s\u00f3lo <strong>50 kil\u00f3metros de Madrid<\/strong>, se emplaza la localidad de el Escorial.<\/p>\n<p class=\"text-secundario\">El Monte Abantos, su pinar y la dehesa de La Herrer\u00eda componen el <strong>paisaje natural<\/strong> de este lugar, que tiene en el Monasterio de El Escorial su eje principal. En su trazado urbano armonizan casas se\u00f1oriales de estilo herreriano, con avenidas racionalistas y peque\u00f1as plazas de dise\u00f1o anterior.<\/p>\n<p class=\"text-secundario\">[\/et_pb_text][\/et_pb_column][et_pb_column type=\u00bb2_5&#8243; _builder_version=\u00bb4.19.0&#8243; _module_preset=\u00bbdefault\u00bb global_colors_info=\u00bb{}\u00bb][et_pb_image src=\u00bbhttps:\/\/nervous-tu.217-160-209-82.plesk.page\/novoescorial\/wp-content\/uploads\/2022\/11\/el-escorial-jardines-y-abantos-s714029077.jpg_1014274486.jpg\u00bb title_text=\u00bbel-escorial-jardines-y-abantos-s714029077.jpg_1014274486&#8243; _builder_version=\u00bb4.19.0&#8243; _module_preset=\u00bbdefault\u00bb global_colors_info=\u00bb{}\u00bb][\/et_pb_image][\/et_pb_column][\/et_pb_row][\/et_pb_section]<\/p>\n","protected":false},"excerpt":{"rendered":"<p>la residencia Nuestro centro esta situado en El escorial, cuenta con m\u00e1s de 15 a\u00f1os de experiencia. Es un espacio donde todos los profesionales construimos junto con nuestros mayores un hogar, donde encuentran cuidados, trato personalizado y atenci\u00f3n para su bienestar. Novoescorial es un centro libre de sujeciones, acreditado por ceoma, gracias al trabajo en [&hellip;]<\/p>\n","protected":false},"author":1,"featured_media":0,"parent":0,"menu_order":0,"comment_status":"closed","ping_status":"closed","template":"","meta":{"_et_pb_use_builder":"on","_et_pb_old_content":"","_et_gb_content_width":"","footnotes":""},"class_list":["post-120","page","type-page","status-publish","hentry"],"yoast_head":"<!-- This site is optimized with the Yoast SEO plugin v20.0 - https:\/\/yoast.com\/wordpress\/plugins\/seo\/ -->\n<title>Nuestro centro - Novoescorial<\/title>\n<meta name=\"robots\" content=\"index, follow, max-snippet:-1, max-image-preview:large, max-video-preview:-1\" \/>\n<link rel=\"canonical\" href=\"https:\/\/nervous-tu.217-160-209-82.plesk.page\/novoescorial\/index.php\/la-residencia\/\" \/>\n<meta property=\"og:locale\" content=\"es_ES\" \/>\n<meta property=\"og:type\" content=\"article\" \/>\n<meta property=\"og:title\" content=\"Nuestro centro - Novoescorial\" \/>\n<meta property=\"og:description\" content=\"la residencia Nuestro centro esta situado en El escorial, cuenta con m\u00e1s de 15 a\u00f1os de experiencia. Es un espacio donde todos los profesionales construimos junto con nuestros mayores un hogar, donde encuentran cuidados, trato personalizado y atenci\u00f3n para su bienestar. Novoescorial es un centro libre de sujeciones, acreditado por ceoma, gracias al trabajo en [&hellip;]\" \/>\n<meta property=\"og:url\" content=\"https:\/\/nervous-tu.217-160-209-82.plesk.page\/novoescorial\/index.php\/la-residencia\/\" \/>\n<meta property=\"og:site_name\" content=\"Novoescorial\" \/>\n<meta property=\"article:publisher\" content=\"https:\/\/www.facebook.com\/Residencia-Novoescorial-681210162001485\" \/>\n<meta property=\"article:modified_time\" content=\"2023-02-06T10:59:18+00:00\" \/>\n<meta property=\"og:image\" content=\"https:\/\/nervous-tu.217-160-209-82.plesk.page\/novoescorial\/wp-content\/uploads\/2023\/02\/entrada_residencia.jpg\" \/>\n\t<meta property=\"og:image:width\" content=\"1600\" \/>\n\t<meta property=\"og:image:height\" content=\"918\" \/>\n\t<meta property=\"og:image:type\" content=\"image\/jpeg\" \/>\n<meta name=\"twitter:card\" content=\"summary_large_image\" \/>\n<meta name=\"twitter:label1\" content=\"Tiempo de lectura\" \/>\n\t<meta name=\"twitter:data1\" content=\"8 minutos\" \/>\n<script type=\"application\/ld+json\" class=\"yoast-schema-graph\">{\"@context\":\"https:\/\/schema.org\",\"@graph\":[{\"@type\":\"WebPage\",\"@id\":\"https:\/\/nervous-tu.217-160-209-82.plesk.page\/novoescorial\/index.php\/la-residencia\/\",\"url\":\"https:\/\/nervous-tu.217-160-209-82.plesk.page\/novoescorial\/index.php\/la-residencia\/\",\"name\":\"Nuestro centro - Novoescorial\",\"isPartOf\":{\"@id\":\"https:\/\/nervous-tu.217-160-209-82.plesk.page\/novoescorial\/#website\"},\"datePublished\":\"2022-10-17T10:56:21+00:00\",\"dateModified\":\"2023-02-06T10:59:18+00:00\",\"breadcrumb\":{\"@id\":\"https:\/\/nervous-tu.217-160-209-82.plesk.page\/novoescorial\/index.php\/la-residencia\/#breadcrumb\"},\"inLanguage\":\"es\",\"potentialAction\":[{\"@type\":\"ReadAction\",\"target\":[\"https:\/\/nervous-tu.217-160-209-82.plesk.page\/novoescorial\/index.php\/la-residencia\/\"]}]},{\"@type\":\"BreadcrumbList\",\"@id\":\"https:\/\/nervous-tu.217-160-209-82.plesk.page\/novoescorial\/index.php\/la-residencia\/#breadcrumb\",\"itemListElement\":[{\"@type\":\"ListItem\",\"position\":1,\"name\":\"Portada\",\"item\":\"https:\/\/nervous-tu.217-160-209-82.plesk.page\/novoescorial\/\"},{\"@type\":\"ListItem\",\"position\":2,\"name\":\"Nuestro centro\"}]},{\"@type\":\"WebSite\",\"@id\":\"https:\/\/nervous-tu.217-160-209-82.plesk.page\/novoescorial\/#website\",\"url\":\"https:\/\/nervous-tu.217-160-209-82.plesk.page\/novoescorial\/\",\"name\":\"Novoescorial\",\"description\":\"Tu nuevo hogar en nuestra residencia de mayores en el Escorial\",\"publisher\":{\"@id\":\"https:\/\/nervous-tu.217-160-209-82.plesk.page\/novoescorial\/#organization\"},\"potentialAction\":[{\"@type\":\"SearchAction\",\"target\":{\"@type\":\"EntryPoint\",\"urlTemplate\":\"https:\/\/nervous-tu.217-160-209-82.plesk.page\/novoescorial\/?s={search_term_string}\"},\"query-input\":\"required name=search_term_string\"}],\"inLanguage\":\"es\"},{\"@type\":\"Organization\",\"@id\":\"https:\/\/nervous-tu.217-160-209-82.plesk.page\/novoescorial\/#organization\",\"name\":\"residencia de Mayores Novoescorial\",\"alternateName\":\"residencia de Mayores Novoescorial\",\"url\":\"https:\/\/nervous-tu.217-160-209-82.plesk.page\/novoescorial\/\",\"logo\":{\"@type\":\"ImageObject\",\"inLanguage\":\"es\",\"@id\":\"https:\/\/nervous-tu.217-160-209-82.plesk.page\/novoescorial\/#\/schema\/logo\/image\/\",\"url\":\"https:\/\/nervous-tu.217-160-209-82.plesk.page\/novoescorial\/wp-content\/uploads\/2023\/01\/logo_paraBanner.png\",\"contentUrl\":\"https:\/\/nervous-tu.217-160-209-82.plesk.page\/novoescorial\/wp-content\/uploads\/2023\/01\/logo_paraBanner.png\",\"width\":350,\"height\":108,\"caption\":\"residencia de Mayores Novoescorial\"},\"image\":{\"@id\":\"https:\/\/nervous-tu.217-160-209-82.plesk.page\/novoescorial\/#\/schema\/logo\/image\/\"},\"sameAs\":[\"https:\/\/www.facebook.com\/Residencia-Novoescorial-681210162001485\"]}]}<\/script>\n<!-- \/ Yoast SEO plugin. -->","yoast_head_json":{"title":"Nuestro centro - Novoescorial","robots":{"index":"index","follow":"follow","max-snippet":"max-snippet:-1","max-image-preview":"max-image-preview:large","max-video-preview":"max-video-preview:-1"},"canonical":"https:\/\/nervous-tu.217-160-209-82.plesk.page\/novoescorial\/index.php\/la-residencia\/","og_locale":"es_ES","og_type":"article","og_title":"Nuestro centro - Novoescorial","og_description":"la residencia Nuestro centro esta situado en El escorial, cuenta con m\u00e1s de 15 a\u00f1os de experiencia. Es un espacio donde todos los profesionales construimos junto con nuestros mayores un hogar, donde encuentran cuidados, trato personalizado y atenci\u00f3n para su bienestar. Novoescorial es un centro libre de sujeciones, acreditado por ceoma, gracias al trabajo en [&hellip;]","og_url":"https:\/\/nervous-tu.217-160-209-82.plesk.page\/novoescorial\/index.php\/la-residencia\/","og_site_name":"Novoescorial","article_publisher":"https:\/\/www.facebook.com\/Residencia-Novoescorial-681210162001485","article_modified_time":"2023-02-06T10:59:18+00:00","og_image":[{"width":1600,"height":918,"url":"https:\/\/nervous-tu.217-160-209-82.plesk.page\/novoescorial\/wp-content\/uploads\/2023\/02\/entrada_residencia.jpg","type":"image\/jpeg"}],"twitter_card":"summary_large_image","twitter_misc":{"Tiempo de lectura":"8 minutos"},"schema":{"@context":"https:\/\/schema.org","@graph":[{"@type":"WebPage","@id":"https:\/\/nervous-tu.217-160-209-82.plesk.page\/novoescorial\/index.php\/la-residencia\/","url":"https:\/\/nervous-tu.217-160-209-82.plesk.page\/novoescorial\/index.php\/la-residencia\/","name":"Nuestro centro - Novoescorial","isPartOf":{"@id":"https:\/\/nervous-tu.217-160-209-82.plesk.page\/novoescorial\/#website"},"datePublished":"2022-10-17T10:56:21+00:00","dateModified":"2023-02-06T10:59:18+00:00","breadcrumb":{"@id":"https:\/\/nervous-tu.217-160-209-82.plesk.page\/novoescorial\/index.php\/la-residencia\/#breadcrumb"},"inLanguage":"es","potentialAction":[{"@type":"ReadAction","target":["https:\/\/nervous-tu.217-160-209-82.plesk.page\/novoescorial\/index.php\/la-residencia\/"]}]},{"@type":"BreadcrumbList","@id":"https:\/\/nervous-tu.217-160-209-82.plesk.page\/novoescorial\/index.php\/la-residencia\/#breadcrumb","itemListElement":[{"@type":"ListItem","position":1,"name":"Portada","item":"https:\/\/nervous-tu.217-160-209-82.plesk.page\/novoescorial\/"},{"@type":"ListItem","position":2,"name":"Nuestro centro"}]},{"@type":"WebSite","@id":"https:\/\/nervous-tu.217-160-209-82.plesk.page\/novoescorial\/#website","url":"https:\/\/nervous-tu.217-160-209-82.plesk.page\/novoescorial\/","name":"Novoescorial","description":"Tu nuevo hogar en nuestra residencia de mayores en el Escorial","publisher":{"@id":"https:\/\/nervous-tu.217-160-209-82.plesk.page\/novoescorial\/#organization"},"potentialAction":[{"@type":"SearchAction","target":{"@type":"EntryPoint","urlTemplate":"https:\/\/nervous-tu.217-160-209-82.plesk.page\/novoescorial\/?s={search_term_string}"},"query-input":"required name=search_term_string"}],"inLanguage":"es"},{"@type":"Organization","@id":"https:\/\/nervous-tu.217-160-209-82.plesk.page\/novoescorial\/#organization","name":"residencia de Mayores Novoescorial","alternateName":"residencia de Mayores Novoescorial","url":"https:\/\/nervous-tu.217-160-209-82.plesk.page\/novoescorial\/","logo":{"@type":"ImageObject","inLanguage":"es","@id":"https:\/\/nervous-tu.217-160-209-82.plesk.page\/novoescorial\/#\/schema\/logo\/image\/","url":"https:\/\/nervous-tu.217-160-209-82.plesk.page\/novoescorial\/wp-content\/uploads\/2023\/01\/logo_paraBanner.png","contentUrl":"https:\/\/nervous-tu.217-160-209-82.plesk.page\/novoescorial\/wp-content\/uploads\/2023\/01\/logo_paraBanner.png","width":350,"height":108,"caption":"residencia de Mayores Novoescorial"},"image":{"@id":"https:\/\/nervous-tu.217-160-209-82.plesk.page\/novoescorial\/#\/schema\/logo\/image\/"},"sameAs":["https:\/\/www.facebook.com\/Residencia-Novoescorial-681210162001485"]}]}},"_links":{"self":[{"href":"https:\/\/nervous-tu.217-160-209-82.plesk.page\/novoescorial\/index.php\/wp-json\/wp\/v2\/pages\/120","targetHints":{"allow":["GET"]}}],"collection":[{"href":"https:\/\/nervous-tu.217-160-209-82.plesk.page\/novoescorial\/index.php\/wp-json\/wp\/v2\/pages"}],"about":[{"href":"https:\/\/nervous-tu.217-160-209-82.plesk.page\/novoescorial\/index.php\/wp-json\/wp\/v2\/types\/page"}],"author":[{"embeddable":true,"href":"https:\/\/nervous-tu.217-160-209-82.plesk.page\/novoescorial\/index.php\/wp-json\/wp\/v2\/users\/1"}],"replies":[{"embeddable":true,"href":"https:\/\/nervous-tu.217-160-209-82.plesk.page\/novoescorial\/index.php\/wp-json\/wp\/v2\/comments?post=120"}],"version-history":[{"count":66,"href":"https:\/\/nervous-tu.217-160-209-82.plesk.page\/novoescorial\/index.php\/wp-json\/wp\/v2\/pages\/120\/revisions"}],"predecessor-version":[{"id":1258,"href":"https:\/\/nervous-tu.217-160-209-82.plesk.page\/novoescorial\/index.php\/wp-json\/wp\/v2\/pages\/120\/revisions\/1258"}],"wp:attachment":[{"href":"https:\/\/nervous-tu.217-160-209-82.plesk.page\/novoescorial\/index.php\/wp-json\/wp\/v2\/media?parent=120"}],"curies":[{"name":"wp","href":"https:\/\/api.w.org\/{rel}","templated":true}]}}